{"id":1444,"date":"2023-06-06T22:31:20","date_gmt":"2023-06-06T20:31:20","guid":{"rendered":"https:\/\/boviprocess.fr\/?page_id=1444"},"modified":"2023-09-25T11:05:11","modified_gmt":"2023-09-25T09:05:11","slug":"notre-histoire","status":"publish","type":"page","link":"https:\/\/boviprocess.fr\/index.php\/notre-histoire\/","title":{"rendered":"NOTRE HISTOIRE"},"content":{"rendered":"\t\t<div data-elementor-type=\"wp-page\" data-elementor-id=\"1444\" class=\"elementor elementor-1444\">\n\t\t\t\t\t\t<section class=\"elementor-section elementor-top-section elementor-element elementor-element-546b953 elementor-section-boxed elementor-section-height-default elementor-section-height-default\" data-id=\"546b953\" data-element_type=\"section\" data-e-type=\"section\">\n\t\t\t\t\t\t<div class=\"elementor-container elementor-column-gap-default\">\n\t\t\t\t\t<div class=\"elementor-column elementor-col-100 elementor-top-column elementor-element elementor-element-a504680\" data-id=\"a504680\" data-element_type=\"column\" data-e-type=\"column\">\n\t\t\t<div class=\"elementor-widget-wrap elementor-element-populated\">\n\t\t\t\t\t\t<div class=\"elementor-element elementor-element-b8db095 elementor-widget elementor-widget-spacer\" data-id=\"b8db095\" data-element_type=\"widget\" data-e-type=\"widget\" data-widget_type=\"spacer.default\">\n\t\t\t\t<div class=\"elementor-widget-container\">\n\t\t\t\t\t\t\t<div class=\"elementor-spacer\">\n\t\t\t<div class=\"elementor-spacer-inner\"><\/div>\n\t\t<\/div>\n\t\t\t\t\t\t<\/div>\n\t\t\t\t<\/div>\n\t\t\t\t\t<\/div>\n\t\t<\/div>\n\t\t\t\t\t<\/div>\n\t\t<\/section>\n\t\t\t\t<section class=\"elementor-section elementor-top-section elementor-element elementor-element-e1f237e elementor-section-boxed elementor-section-height-default elementor-section-height-default\" data-id=\"e1f237e\" data-element_type=\"section\" data-e-type=\"section\">\n\t\t\t\t\t\t<div class=\"elementor-container elementor-column-gap-default\">\n\t\t\t\t\t<div class=\"elementor-column elementor-col-100 elementor-top-column elementor-element elementor-element-fa7c601\" data-id=\"fa7c601\" data-element_type=\"column\" data-e-type=\"column\">\n\t\t\t<div class=\"elementor-widget-wrap elementor-element-populated\">\n\t\t\t\t\t\t\t<\/div>\n\t\t<\/div>\n\t\t\t\t\t<\/div>\n\t\t<\/section>\n\t\t\t\t<section class=\"elementor-section elementor-top-section elementor-element elementor-element-2e50476 elementor-section-full_width elementor-section-height-default elementor-section-height-default\" data-id=\"2e50476\" data-element_type=\"section\" data-e-type=\"section\">\n\t\t\t\t\t\t<div class=\"elementor-container elementor-column-gap-default\">\n\t\t\t\t\t<div class=\"elementor-column elementor-col-33 elementor-top-column elementor-element elementor-element-bdf0f13\" data-id=\"bdf0f13\" data-element_type=\"column\" data-e-type=\"column\">\n\t\t\t<div class=\"elementor-widget-wrap elementor-element-populated\">\n\t\t\t\t\t\t<div class=\"elementor-element elementor-element-de4e6e1 elementor-widget__width-initial elementor-fixed e-transform elementor-hidden-mobile elementor-widget elementor-widget-heading\" data-id=\"de4e6e1\" data-element_type=\"widget\" data-e-type=\"widget\" data-settings=\"{&quot;_position&quot;:&quot;fixed&quot;,&quot;_transform_rotateZ_effect_tablet&quot;:{&quot;unit&quot;:&quot;deg&quot;,&quot;size&quot;:270,&quot;sizes&quot;:[]},&quot;_transform_rotateZ_effect&quot;:{&quot;unit&quot;:&quot;px&quot;,&quot;size&quot;:&quot;&quot;,&quot;sizes&quot;:[]},&quot;_transform_rotateZ_effect_mobile&quot;:{&quot;unit&quot;:&quot;deg&quot;,&quot;size&quot;:&quot;&quot;,&quot;sizes&quot;:[]}}\" data-widget_type=\"heading.default\">\n\t\t\t\t<div class=\"elementor-widget-container\">\n\t\t\t\t\t<h2 class=\"elementor-heading-title elementor-size-default\">NOTRE HISTOIRE<\/h2>\t\t\t\t<\/div>\n\t\t\t\t<\/div>\n\t\t\t\t\t<\/div>\n\t\t<\/div>\n\t\t\t\t<div class=\"elementor-column elementor-col-33 elementor-top-column elementor-element elementor-element-c134971\" data-id=\"c134971\" data-element_type=\"column\" data-e-type=\"column\">\n\t\t\t<div class=\"elementor-widget-wrap elementor-element-populated\">\n\t\t\t\t\t\t<div class=\"elementor-element elementor-element-1978056 elementor-widget elementor-widget-heading\" data-id=\"1978056\" data-element_type=\"widget\" data-e-type=\"widget\" data-widget_type=\"heading.default\">\n\t\t\t\t<div class=\"elementor-widget-container\">\n\t\t\t\t\t<h2 class=\"elementor-heading-title elementor-size-default\">Acteur de la filli\u00e9re depuis  3 g\u00e9n\u00e9rations<\/h2>\t\t\t\t<\/div>\n\t\t\t\t<\/div>\n\t\t\t\t<div class=\"elementor-element elementor-element-191f765 elementor-widget elementor-widget-text-editor\" data-id=\"191f765\" data-element_type=\"widget\" data-e-type=\"widget\" data-widget_type=\"text-editor.default\">\n\t\t\t\t<div class=\"elementor-widget-container\">\n\t\t\t\t\t\t\t\t\t<p>Faire confiance \u00e0 B\u00c9TAIL PROCESS, c&rsquo;est b\u00e9n\u00e9ficier d&rsquo;un r\u00e9seau unique.<\/p>\t\t\t\t\t\t\t\t<\/div>\n\t\t\t\t<\/div>\n\t\t\t\t\t<\/div>\n\t\t<\/div>\n\t\t\t\t<div class=\"elementor-column elementor-col-33 elementor-top-column elementor-element elementor-element-24a9cd8\" data-id=\"24a9cd8\" data-element_type=\"column\" data-e-type=\"column\">\n\t\t\t<div class=\"elementor-widget-wrap elementor-element-populated\">\n\t\t\t\t\t\t<div class=\"elementor-element elementor-element-cab4a83 elementor-widget elementor-widget-image\" data-id=\"cab4a83\" data-element_type=\"widget\" data-e-type=\"widget\" data-widget_type=\"image.default\">\n\t\t\t\t<div class=\"elementor-widget-container\">\n\t\t\t\t\t\t\t\t\t\t\t\t\t\t\t<img fetchpriority=\"high\" decoding=\"async\" width=\"580\" height=\"391\" src=\"https:\/\/boviprocess.fr\/wp-content\/uploads\/2023\/06\/baert-chariot.jpg\" class=\"attachment-large size-large wp-image-2586\" alt=\"\" srcset=\"https:\/\/boviprocess.fr\/wp-content\/uploads\/2023\/06\/baert-chariot.jpg 723w, https:\/\/boviprocess.fr\/wp-content\/uploads\/2023\/06\/baert-chariot-300x202.jpg 300w\" sizes=\"(max-width: 580px) 100vw, 580px\" \/>\t\t\t\t\t\t\t\t\t\t\t\t\t\t\t<\/div>\n\t\t\t\t<\/div>\n\t\t\t\t\t<\/div>\n\t\t<\/div>\n\t\t\t\t\t<\/div>\n\t\t<\/section>\n\t\t\t\t<section class=\"elementor-section elementor-top-section elementor-element elementor-element-780536c elementor-section-full_width elementor-section-height-default elementor-section-height-default\" data-id=\"780536c\" data-element_type=\"section\" data-e-type=\"section\">\n\t\t\t\t\t\t<div class=\"elementor-container elementor-column-gap-default\">\n\t\t\t\t\t<div class=\"elementor-column elementor-col-33 elementor-top-column elementor-element elementor-element-fbec404\" data-id=\"fbec404\" data-element_type=\"column\" data-e-type=\"column\">\n\t\t\t<div class=\"elementor-widget-wrap\">\n\t\t\t\t\t\t\t<\/div>\n\t\t<\/div>\n\t\t\t\t<div class=\"elementor-column elementor-col-33 elementor-top-column elementor-element elementor-element-92dfa02\" data-id=\"92dfa02\" data-element_type=\"column\" data-e-type=\"column\">\n\t\t\t<div class=\"elementor-widget-wrap elementor-element-populated\">\n\t\t\t\t\t\t<div class=\"elementor-element elementor-element-0fc7a74 elementor-widget elementor-widget-image\" data-id=\"0fc7a74\" data-element_type=\"widget\" data-e-type=\"widget\" data-widget_type=\"image.default\">\n\t\t\t\t<div class=\"elementor-widget-container\">\n\t\t\t\t\t\t\t\t\t\t\t\t\t\t\t<img decoding=\"async\" width=\"580\" height=\"357\" src=\"https:\/\/boviprocess.fr\/wp-content\/uploads\/2023\/06\/baert-auge.jpg\" class=\"attachment-large size-large wp-image-2575\" alt=\"\" srcset=\"https:\/\/boviprocess.fr\/wp-content\/uploads\/2023\/06\/baert-auge.jpg 593w, https:\/\/boviprocess.fr\/wp-content\/uploads\/2023\/06\/baert-auge-300x185.jpg 300w\" sizes=\"(max-width: 580px) 100vw, 580px\" \/>\t\t\t\t\t\t\t\t\t\t\t\t\t\t\t<\/div>\n\t\t\t\t<\/div>\n\t\t\t\t\t<\/div>\n\t\t<\/div>\n\t\t\t\t<div class=\"elementor-column elementor-col-33 elementor-top-column elementor-element elementor-element-83fcecd\" data-id=\"83fcecd\" data-element_type=\"column\" data-e-type=\"column\">\n\t\t\t<div class=\"elementor-widget-wrap elementor-element-populated\">\n\t\t\t\t\t\t<div class=\"elementor-element elementor-element-65fe582 elementor-widget elementor-widget-heading\" data-id=\"65fe582\" data-element_type=\"widget\" data-e-type=\"widget\" data-widget_type=\"heading.default\">\n\t\t\t\t<div class=\"elementor-widget-container\">\n\t\t\t\t\t<h2 class=\"elementor-heading-title elementor-size-default\">Un savoir faire bas\u00e9 sur la transmission<\/h2>\t\t\t\t<\/div>\n\t\t\t\t<\/div>\n\t\t\t\t<div class=\"elementor-element elementor-element-d28b68c elementor-widget elementor-widget-text-editor\" data-id=\"d28b68c\" data-element_type=\"widget\" data-e-type=\"widget\" data-widget_type=\"text-editor.default\">\n\t\t\t\t<div class=\"elementor-widget-container\">\n\t\t\t\t\t\t\t\t\t<p>B\u00e9tail Process, c&rsquo;est l&rsquo;exp\u00e9rience d&rsquo;un engagement depuis 1988, avec la participation technique \u00e0 plus de 200 centres de rassemblement Bovin.<\/p>\t\t\t\t\t\t\t\t<\/div>\n\t\t\t\t<\/div>\n\t\t\t\t\t<\/div>\n\t\t<\/div>\n\t\t\t\t\t<\/div>\n\t\t<\/section>\n\t\t\t\t<section class=\"elementor-section elementor-top-section elementor-element elementor-element-54c3156 elementor-section-full_width elementor-section-height-default elementor-section-height-default\" data-id=\"54c3156\" data-element_type=\"section\" data-e-type=\"section\">\n\t\t\t\t\t\t<div class=\"elementor-container elementor-column-gap-default\">\n\t\t\t\t\t<div class=\"elementor-column elementor-col-33 elementor-top-column elementor-element elementor-element-e28c972\" data-id=\"e28c972\" data-element_type=\"column\" data-e-type=\"column\">\n\t\t\t<div class=\"elementor-widget-wrap\">\n\t\t\t\t\t\t\t<\/div>\n\t\t<\/div>\n\t\t\t\t<div class=\"elementor-column elementor-col-33 elementor-top-column elementor-element elementor-element-b7e66d3\" data-id=\"b7e66d3\" data-element_type=\"column\" data-e-type=\"column\">\n\t\t\t<div class=\"elementor-widget-wrap elementor-element-populated\">\n\t\t\t\t\t\t<div class=\"elementor-element elementor-element-fe4b28e elementor-align-center elementor-widget elementor-widget-button\" data-id=\"fe4b28e\" data-element_type=\"widget\" data-e-type=\"widget\" data-widget_type=\"button.default\">\n\t\t\t\t<div class=\"elementor-widget-container\">\n\t\t\t\t\t\t\t\t\t<div class=\"elementor-button-wrapper\">\n\t\t\t\t\t<a class=\"elementor-button elementor-button-link elementor-size-sm\" href=\"mailto:hbaert@betailprocess.fr\" target=\"_blank\">\n\t\t\t\t\t\t<span class=\"elementor-button-content-wrapper\">\n\t\t\t\t\t\t<span class=\"elementor-button-icon\">\n\t\t\t\t<i aria-hidden=\"true\" class=\"far fa-envelope\"><\/i>\t\t\t<\/span>\n\t\t\t\t\t\t\t\t\t<span class=\"elementor-button-text\">CONTACTER PAR MAIL<\/span>\n\t\t\t\t\t<\/span>\n\t\t\t\t\t<\/a>\n\t\t\t\t<\/div>\n\t\t\t\t\t\t\t\t<\/div>\n\t\t\t\t<\/div>\n\t\t\t\t\t<\/div>\n\t\t<\/div>\n\t\t\t\t<div class=\"elementor-column elementor-col-33 elementor-top-column elementor-element elementor-element-93bd3db\" data-id=\"93bd3db\" data-element_type=\"column\" data-e-type=\"column\">\n\t\t\t<div class=\"elementor-widget-wrap\">\n\t\t\t\t\t\t\t<\/div>\n\t\t<\/div>\n\t\t\t\t\t<\/div>\n\t\t<\/section>\n\t\t\t\t<section class=\"elementor-section elementor-top-section elementor-element elementor-element-8e82630 elementor-section-boxed elementor-section-height-default elementor-section-height-default\" data-id=\"8e82630\" data-element_type=\"section\" data-e-type=\"section\">\n\t\t\t\t\t\t<div class=\"elementor-container elementor-column-gap-default\">\n\t\t\t\t\t<div class=\"elementor-column elementor-col-100 elementor-top-column elementor-element elementor-element-38af98f\" data-id=\"38af98f\" data-element_type=\"column\" data-e-type=\"column\">\n\t\t\t<div class=\"elementor-widget-wrap elementor-element-populated\">\n\t\t\t\t\t\t<div class=\"elementor-element elementor-element-32e9b0f elementor-widget elementor-widget-spacer\" data-id=\"32e9b0f\" data-element_type=\"widget\" data-e-type=\"widget\" data-widget_type=\"spacer.default\">\n\t\t\t\t<div class=\"elementor-widget-container\">\n\t\t\t\t\t\t\t<div class=\"elementor-spacer\">\n\t\t\t<div class=\"elementor-spacer-inner\"><\/div>\n\t\t<\/div>\n\t\t\t\t\t\t<\/div>\n\t\t\t\t<\/div>\n\t\t\t\t\t<\/div>\n\t\t<\/div>\n\t\t\t\t\t<\/div>\n\t\t<\/section>\n\t\t\t\t<\/div>\n\t\t","protected":false},"excerpt":{"rendered":"<p>NOTRE HISTOIRE Acteur de la filli\u00e9re depuis 3 g\u00e9n\u00e9rations Faire confiance \u00e0 B\u00c9TAIL PROCESS, c&rsquo;est b\u00e9n\u00e9ficier d&rsquo;un r\u00e9seau unique. Un savoir faire bas\u00e9 sur la transmission B\u00e9tail Process, c&rsquo;est l&rsquo;exp\u00e9rience d&rsquo;un engagement depuis 1988, avec la participation technique \u00e0 plus de 200 centres de rassemblement Bovin. CONTACTER PAR MAIL<\/p>\n","protected":false},"author":1,"featured_media":2575,"parent":0,"menu_order":0,"comment_status":"closed","ping_status":"closed","template":"","meta":{"footnotes":""},"class_list":["post-1444","page","type-page","status-publish","has-post-thumbnail","hentry"],"yoast_head":"<!-- This site is optimized with the Yoast SEO plugin v27.6 - https:\/\/yoast.com\/product\/yoast-seo-wordpress\/ -->\n<title>NOTRE HISTOIRE - BETAIL PROCESS Par Herv\u00e9 BAERT<\/title>\n<meta name=\"description\" content=\"Transmission des savoirs et exp\u00e9riences \u00e0 partir de la fabrication de mat\u00e9riel d\u00e9levage en 1958.\" \/>\n<meta name=\"robots\" content=\"index, follow, max-snippet:-1, max-image-preview:large, max-video-preview:-1\" \/>\n<link rel=\"canonical\" href=\"https:\/\/boviprocess.fr\/index.php\/notre-histoire\/\" \/>\n<meta property=\"og:locale\" content=\"fr_FR\" \/>\n<meta property=\"og:type\" content=\"article\" \/>\n<meta property=\"og:title\" content=\"NOTRE HISTOIRE - BETAIL PROCESS Par Herv\u00e9 BAERT\" \/>\n<meta property=\"og:description\" content=\"Transmission des savoirs et exp\u00e9riences \u00e0 partir de la fabrication de mat\u00e9riel d\u00e9levage en 1958.\" \/>\n<meta property=\"og:url\" content=\"https:\/\/boviprocess.fr\/index.php\/notre-histoire\/\" \/>\n<meta property=\"og:site_name\" content=\"BETAIL PROCESS Par Herv\u00e9 BAERT\" \/>\n<meta property=\"article:modified_time\" content=\"2023-09-25T09:05:11+00:00\" \/>\n<meta property=\"og:image\" content=\"https:\/\/boviprocess.fr\/wp-content\/uploads\/2023\/06\/baert-auge.jpg\" \/>\n\t<meta property=\"og:image:width\" content=\"593\" \/>\n\t<meta property=\"og:image:height\" content=\"365\" \/>\n\t<meta property=\"og:image:type\" content=\"image\/jpeg\" \/>\n<meta name=\"twitter:card\" content=\"summary_large_image\" \/>\n<meta name=\"twitter:label1\" content=\"Dur\u00e9e de lecture estim\u00e9e\" \/>\n\t<meta name=\"twitter:data1\" content=\"1 minute\" \/>\n<script type=\"application\/ld+json\" class=\"yoast-schema-graph\">{\"@context\":\"https:\\\/\\\/schema.org\",\"@graph\":[{\"@type\":\"WebPage\",\"@id\":\"https:\\\/\\\/boviprocess.fr\\\/index.php\\\/notre-histoire\\\/\",\"url\":\"https:\\\/\\\/boviprocess.fr\\\/index.php\\\/notre-histoire\\\/\",\"name\":\"NOTRE HISTOIRE - BETAIL PROCESS Par Herv\u00e9 BAERT\",\"isPartOf\":{\"@id\":\"https:\\\/\\\/boviprocess.fr\\\/#website\"},\"primaryImageOfPage\":{\"@id\":\"https:\\\/\\\/boviprocess.fr\\\/index.php\\\/notre-histoire\\\/#primaryimage\"},\"image\":{\"@id\":\"https:\\\/\\\/boviprocess.fr\\\/index.php\\\/notre-histoire\\\/#primaryimage\"},\"thumbnailUrl\":\"https:\\\/\\\/boviprocess.fr\\\/wp-content\\\/uploads\\\/2023\\\/06\\\/baert-auge.jpg\",\"datePublished\":\"2023-06-06T20:31:20+00:00\",\"dateModified\":\"2023-09-25T09:05:11+00:00\",\"description\":\"Transmission des savoirs et exp\u00e9riences \u00e0 partir de la fabrication de mat\u00e9riel d\u00e9levage en 1958.\",\"breadcrumb\":{\"@id\":\"https:\\\/\\\/boviprocess.fr\\\/index.php\\\/notre-histoire\\\/#breadcrumb\"},\"inLanguage\":\"fr-FR\",\"potentialAction\":[{\"@type\":\"ReadAction\",\"target\":[\"https:\\\/\\\/boviprocess.fr\\\/index.php\\\/notre-histoire\\\/\"]}]},{\"@type\":\"ImageObject\",\"inLanguage\":\"fr-FR\",\"@id\":\"https:\\\/\\\/boviprocess.fr\\\/index.php\\\/notre-histoire\\\/#primaryimage\",\"url\":\"https:\\\/\\\/boviprocess.fr\\\/wp-content\\\/uploads\\\/2023\\\/06\\\/baert-auge.jpg\",\"contentUrl\":\"https:\\\/\\\/boviprocess.fr\\\/wp-content\\\/uploads\\\/2023\\\/06\\\/baert-auge.jpg\",\"width\":593,\"height\":365},{\"@type\":\"BreadcrumbList\",\"@id\":\"https:\\\/\\\/boviprocess.fr\\\/index.php\\\/notre-histoire\\\/#breadcrumb\",\"itemListElement\":[{\"@type\":\"ListItem\",\"position\":1,\"name\":\"Accueil\",\"item\":\"https:\\\/\\\/boviprocess.fr\\\/\"},{\"@type\":\"ListItem\",\"position\":2,\"name\":\"NOTRE HISTOIRE\"}]},{\"@type\":\"WebSite\",\"@id\":\"https:\\\/\\\/boviprocess.fr\\\/#website\",\"url\":\"https:\\\/\\\/boviprocess.fr\\\/\",\"name\":\"BETAIL PROCESS Par Herv\u00e9 BAERT\",\"description\":\"Bureau Analyse Etudes R\u00e9alisations Techniques - CENTRE D&#039;ALLOTEMENT - RASSEMBLEMENT DU  BETAIL\",\"publisher\":{\"@id\":\"https:\\\/\\\/boviprocess.fr\\\/#organization\"},\"potentialAction\":[{\"@type\":\"SearchAction\",\"target\":{\"@type\":\"EntryPoint\",\"urlTemplate\":\"https:\\\/\\\/boviprocess.fr\\\/?s={search_term_string}\"},\"query-input\":{\"@type\":\"PropertyValueSpecification\",\"valueRequired\":true,\"valueName\":\"search_term_string\"}}],\"inLanguage\":\"fr-FR\"},{\"@type\":\"Organization\",\"@id\":\"https:\\\/\\\/boviprocess.fr\\\/#organization\",\"name\":\"BETAIL PROCESS Par Herv\u00e9 BAERT\",\"url\":\"https:\\\/\\\/boviprocess.fr\\\/\",\"logo\":{\"@type\":\"ImageObject\",\"inLanguage\":\"fr-FR\",\"@id\":\"https:\\\/\\\/boviprocess.fr\\\/#\\\/schema\\\/logo\\\/image\\\/\",\"url\":\"https:\\\/\\\/boviprocess.fr\\\/wp-content\\\/uploads\\\/2021\\\/06\\\/cropped-cropped-cropped-logo-BetailProcess.png\",\"contentUrl\":\"https:\\\/\\\/boviprocess.fr\\\/wp-content\\\/uploads\\\/2021\\\/06\\\/cropped-cropped-cropped-logo-BetailProcess.png\",\"width\":1811,\"height\":954,\"caption\":\"BETAIL PROCESS Par Herv\u00e9 BAERT\"},\"image\":{\"@id\":\"https:\\\/\\\/boviprocess.fr\\\/#\\\/schema\\\/logo\\\/image\\\/\"}}]}<\/script>\n<!-- \/ Yoast SEO plugin. -->","yoast_head_json":{"title":"NOTRE HISTOIRE - BETAIL PROCESS Par Herv\u00e9 BAERT","description":"Transmission des savoirs et exp\u00e9riences \u00e0 partir de la fabrication de mat\u00e9riel d\u00e9levage en 1958.","robots":{"index":"index","follow":"follow","max-snippet":"max-snippet:-1","max-image-preview":"max-image-preview:large","max-video-preview":"max-video-preview:-1"},"canonical":"https:\/\/boviprocess.fr\/index.php\/notre-histoire\/","og_locale":"fr_FR","og_type":"article","og_title":"NOTRE HISTOIRE - BETAIL PROCESS Par Herv\u00e9 BAERT","og_description":"Transmission des savoirs et exp\u00e9riences \u00e0 partir de la fabrication de mat\u00e9riel d\u00e9levage en 1958.","og_url":"https:\/\/boviprocess.fr\/index.php\/notre-histoire\/","og_site_name":"BETAIL PROCESS Par Herv\u00e9 BAERT","article_modified_time":"2023-09-25T09:05:11+00:00","og_image":[{"width":593,"height":365,"url":"https:\/\/boviprocess.fr\/wp-content\/uploads\/2023\/06\/baert-auge.jpg","type":"image\/jpeg"}],"twitter_card":"summary_large_image","twitter_misc":{"Dur\u00e9e de lecture estim\u00e9e":"1 minute"},"schema":{"@context":"https:\/\/schema.org","@graph":[{"@type":"WebPage","@id":"https:\/\/boviprocess.fr\/index.php\/notre-histoire\/","url":"https:\/\/boviprocess.fr\/index.php\/notre-histoire\/","name":"NOTRE HISTOIRE - BETAIL PROCESS Par Herv\u00e9 BAERT","isPartOf":{"@id":"https:\/\/boviprocess.fr\/#website"},"primaryImageOfPage":{"@id":"https:\/\/boviprocess.fr\/index.php\/notre-histoire\/#primaryimage"},"image":{"@id":"https:\/\/boviprocess.fr\/index.php\/notre-histoire\/#primaryimage"},"thumbnailUrl":"https:\/\/boviprocess.fr\/wp-content\/uploads\/2023\/06\/baert-auge.jpg","datePublished":"2023-06-06T20:31:20+00:00","dateModified":"2023-09-25T09:05:11+00:00","description":"Transmission des savoirs et exp\u00e9riences \u00e0 partir de la fabrication de mat\u00e9riel d\u00e9levage en 1958.","breadcrumb":{"@id":"https:\/\/boviprocess.fr\/index.php\/notre-histoire\/#breadcrumb"},"inLanguage":"fr-FR","potentialAction":[{"@type":"ReadAction","target":["https:\/\/boviprocess.fr\/index.php\/notre-histoire\/"]}]},{"@type":"ImageObject","inLanguage":"fr-FR","@id":"https:\/\/boviprocess.fr\/index.php\/notre-histoire\/#primaryimage","url":"https:\/\/boviprocess.fr\/wp-content\/uploads\/2023\/06\/baert-auge.jpg","contentUrl":"https:\/\/boviprocess.fr\/wp-content\/uploads\/2023\/06\/baert-auge.jpg","width":593,"height":365},{"@type":"BreadcrumbList","@id":"https:\/\/boviprocess.fr\/index.php\/notre-histoire\/#breadcrumb","itemListElement":[{"@type":"ListItem","position":1,"name":"Accueil","item":"https:\/\/boviprocess.fr\/"},{"@type":"ListItem","position":2,"name":"NOTRE HISTOIRE"}]},{"@type":"WebSite","@id":"https:\/\/boviprocess.fr\/#website","url":"https:\/\/boviprocess.fr\/","name":"BETAIL PROCESS Par Herv\u00e9 BAERT","description":"Bureau Analyse Etudes R\u00e9alisations Techniques - CENTRE D&#039;ALLOTEMENT - RASSEMBLEMENT DU  BETAIL","publisher":{"@id":"https:\/\/boviprocess.fr\/#organization"},"potentialAction":[{"@type":"SearchAction","target":{"@type":"EntryPoint","urlTemplate":"https:\/\/boviprocess.fr\/?s={search_term_string}"},"query-input":{"@type":"PropertyValueSpecification","valueRequired":true,"valueName":"search_term_string"}}],"inLanguage":"fr-FR"},{"@type":"Organization","@id":"https:\/\/boviprocess.fr\/#organization","name":"BETAIL PROCESS Par Herv\u00e9 BAERT","url":"https:\/\/boviprocess.fr\/","logo":{"@type":"ImageObject","inLanguage":"fr-FR","@id":"https:\/\/boviprocess.fr\/#\/schema\/logo\/image\/","url":"https:\/\/boviprocess.fr\/wp-content\/uploads\/2021\/06\/cropped-cropped-cropped-logo-BetailProcess.png","contentUrl":"https:\/\/boviprocess.fr\/wp-content\/uploads\/2021\/06\/cropped-cropped-cropped-logo-BetailProcess.png","width":1811,"height":954,"caption":"BETAIL PROCESS Par Herv\u00e9 BAERT"},"image":{"@id":"https:\/\/boviprocess.fr\/#\/schema\/logo\/image\/"}}]}},"_links":{"self":[{"href":"https:\/\/boviprocess.fr\/index.php\/wp-json\/wp\/v2\/pages\/1444","targetHints":{"allow":["GET"]}}],"collection":[{"href":"https:\/\/boviprocess.fr\/index.php\/wp-json\/wp\/v2\/pages"}],"about":[{"href":"https:\/\/boviprocess.fr\/index.php\/wp-json\/wp\/v2\/types\/page"}],"author":[{"embeddable":true,"href":"https:\/\/boviprocess.fr\/index.php\/wp-json\/wp\/v2\/users\/1"}],"replies":[{"embeddable":true,"href":"https:\/\/boviprocess.fr\/index.php\/wp-json\/wp\/v2\/comments?post=1444"}],"version-history":[{"count":66,"href":"https:\/\/boviprocess.fr\/index.php\/wp-json\/wp\/v2\/pages\/1444\/revisions"}],"predecessor-version":[{"id":2883,"href":"https:\/\/boviprocess.fr\/index.php\/wp-json\/wp\/v2\/pages\/1444\/revisions\/2883"}],"wp:featuredmedia":[{"embeddable":true,"href":"https:\/\/boviprocess.fr\/index.php\/wp-json\/wp\/v2\/media\/2575"}],"wp:attachment":[{"href":"https:\/\/boviprocess.fr\/index.php\/wp-json\/wp\/v2\/media?parent=1444"}],"curies":[{"name":"wp","href":"https:\/\/api.w.org\/{rel}","templated":true}]}}