{"id":1449,"date":"2023-06-06T22:32:44","date_gmt":"2023-06-06T20:32:44","guid":{"rendered":"https:\/\/boviprocess.fr\/?page_id=1449"},"modified":"2023-06-29T11:56:13","modified_gmt":"2023-06-29T09:56:13","slug":"boviscore","status":"publish","type":"page","link":"https:\/\/boviprocess.fr\/index.php\/boviscore\/","title":{"rendered":"BOVISCORE"},"content":{"rendered":"\t\t<div data-elementor-type=\"wp-page\" data-elementor-id=\"1449\" class=\"elementor elementor-1449\">\n\t\t\t\t\t\t<section class=\"elementor-section elementor-top-section elementor-element elementor-element-546b953 elementor-section-boxed elementor-section-height-default elementor-section-height-default\" data-id=\"546b953\" data-element_type=\"section\" data-e-type=\"section\">\n\t\t\t\t\t\t<div class=\"elementor-container elementor-column-gap-default\">\n\t\t\t\t\t<div class=\"elementor-column elementor-col-100 elementor-top-column elementor-element elementor-element-a504680\" data-id=\"a504680\" data-element_type=\"column\" data-e-type=\"column\">\n\t\t\t<div class=\"elementor-widget-wrap elementor-element-populated\">\n\t\t\t\t\t\t<div class=\"elementor-element elementor-element-b8db095 elementor-widget elementor-widget-spacer\" data-id=\"b8db095\" data-element_type=\"widget\" data-e-type=\"widget\" data-widget_type=\"spacer.default\">\n\t\t\t\t<div class=\"elementor-widget-container\">\n\t\t\t\t\t\t\t<div class=\"elementor-spacer\">\n\t\t\t<div class=\"elementor-spacer-inner\"><\/div>\n\t\t<\/div>\n\t\t\t\t\t\t<\/div>\n\t\t\t\t<\/div>\n\t\t\t\t\t<\/div>\n\t\t<\/div>\n\t\t\t\t\t<\/div>\n\t\t<\/section>\n\t\t\t\t<section class=\"elementor-section elementor-top-section elementor-element elementor-element-2e50476 elementor-section-full_width elementor-section-height-default elementor-section-height-default\" data-id=\"2e50476\" data-element_type=\"section\" data-e-type=\"section\">\n\t\t\t\t\t\t<div class=\"elementor-container elementor-column-gap-default\">\n\t\t\t\t\t<div class=\"elementor-column elementor-col-33 elementor-top-column elementor-element elementor-element-bdf0f13\" data-id=\"bdf0f13\" data-element_type=\"column\" data-e-type=\"column\">\n\t\t\t<div class=\"elementor-widget-wrap elementor-element-populated\">\n\t\t\t\t\t\t<div class=\"elementor-element elementor-element-de4e6e1 elementor-widget__width-initial elementor-fixed elementor-hidden-mobile elementor-widget elementor-widget-heading\" data-id=\"de4e6e1\" data-element_type=\"widget\" data-e-type=\"widget\" data-settings=\"{&quot;_position&quot;:&quot;fixed&quot;}\" data-widget_type=\"heading.default\">\n\t\t\t\t<div class=\"elementor-widget-container\">\n\t\t\t\t\t<h2 class=\"elementor-heading-title elementor-size-default\">S\u00c9CURIT\u00c9 &amp; QUALIT\u00c9 <\/h2>\t\t\t\t<\/div>\n\t\t\t\t<\/div>\n\t\t\t\t<div class=\"elementor-element elementor-element-5691740 elementor-widget__width-initial elementor-fixed elementor-hidden-mobile elementor-widget elementor-widget-heading\" data-id=\"5691740\" data-element_type=\"widget\" data-e-type=\"widget\" data-settings=\"{&quot;_position&quot;:&quot;fixed&quot;}\" data-widget_type=\"heading.default\">\n\t\t\t\t<div class=\"elementor-widget-container\">\n\t\t\t\t\t<h2 class=\"elementor-heading-title elementor-size-default\">BOVISCORE<\/h2>\t\t\t\t<\/div>\n\t\t\t\t<\/div>\n\t\t\t\t\t<\/div>\n\t\t<\/div>\n\t\t\t\t<div class=\"elementor-column elementor-col-33 elementor-top-column elementor-element elementor-element-c134971\" data-id=\"c134971\" data-element_type=\"column\" data-e-type=\"column\">\n\t\t\t<div class=\"elementor-widget-wrap elementor-element-populated\">\n\t\t\t\t\t\t<div class=\"elementor-element elementor-element-2d108cd elementor-widget elementor-widget-heading\" data-id=\"2d108cd\" data-element_type=\"widget\" data-e-type=\"widget\" data-widget_type=\"heading.default\">\n\t\t\t\t<div class=\"elementor-widget-container\">\n\t\t\t\t\t<h2 class=\"elementor-heading-title elementor-size-default\">Un outil d'\u00e9valuation<\/h2>\t\t\t\t<\/div>\n\t\t\t\t<\/div>\n\t\t\t\t<div class=\"elementor-element elementor-element-191f765 elementor-widget elementor-widget-text-editor\" data-id=\"191f765\" data-element_type=\"widget\" data-e-type=\"widget\" data-widget_type=\"text-editor.default\">\n\t\t\t\t<div class=\"elementor-widget-container\">\n\t\t\t\t\t\t\t\t\t<p>Nous analysons vos infrastructures gr\u00e2ce \u00e0 un tableau unique d\u00e9taill\u00e9 en 275 points de contr\u00f4le. \u00a0L&rsquo;analyse fonctionnelle BOVISCORE est r\u00e9alis\u00e9e sur site puis debrief\u00e9 afin de comprendre quelles sont les forces et les faiblesses de votre centre d&rsquo;allotement. Cette \u00e9valuation est un point de d\u00e9part crucial pour construire ou am\u00e9liorer votre centre.<\/p>\t\t\t\t\t\t\t\t<\/div>\n\t\t\t\t<\/div>\n\t\t\t\t<div class=\"elementor-element elementor-element-7de8c0f elementor-widget elementor-widget-image\" data-id=\"7de8c0f\" data-element_type=\"widget\" data-e-type=\"widget\" data-widget_type=\"image.default\">\n\t\t\t\t<div class=\"elementor-widget-container\">\n\t\t\t\t\t\t\t\t\t\t\t\t\t\t\t<img fetchpriority=\"high\" decoding=\"async\" width=\"300\" height=\"186\" src=\"https:\/\/boviprocess.fr\/wp-content\/uploads\/2023\/06\/boviscore-1-300x186.png\" class=\"attachment-medium size-medium wp-image-2029\" alt=\"\" srcset=\"https:\/\/boviprocess.fr\/wp-content\/uploads\/2023\/06\/boviscore-1-300x186.png 300w, https:\/\/boviprocess.fr\/wp-content\/uploads\/2023\/06\/boviscore-1-1024x634.png 1024w, https:\/\/boviprocess.fr\/wp-content\/uploads\/2023\/06\/boviscore-1-768x476.png 768w, https:\/\/boviprocess.fr\/wp-content\/uploads\/2023\/06\/boviscore-1-1536x951.png 1536w, https:\/\/boviprocess.fr\/wp-content\/uploads\/2023\/06\/boviscore-1-1200x743.png 1200w, https:\/\/boviprocess.fr\/wp-content\/uploads\/2023\/06\/boviscore-1.png 1707w\" sizes=\"(max-width: 300px) 100vw, 300px\" \/>\t\t\t\t\t\t\t\t\t\t\t\t\t\t\t<\/div>\n\t\t\t\t<\/div>\n\t\t\t\t\t<\/div>\n\t\t<\/div>\n\t\t\t\t<div class=\"elementor-column elementor-col-33 elementor-top-column elementor-element elementor-element-24a9cd8\" data-id=\"24a9cd8\" data-element_type=\"column\" data-e-type=\"column\">\n\t\t\t<div class=\"elementor-widget-wrap elementor-element-populated\">\n\t\t\t\t\t\t<div class=\"elementor-element elementor-element-58f49a3 elementor-widget elementor-widget-image\" data-id=\"58f49a3\" data-element_type=\"widget\" data-e-type=\"widget\" data-widget_type=\"image.default\">\n\t\t\t\t<div class=\"elementor-widget-container\">\n\t\t\t\t\t\t\t\t\t\t\t\t\t\t\t<img decoding=\"async\" width=\"580\" height=\"594\" src=\"https:\/\/boviprocess.fr\/wp-content\/uploads\/2023\/06\/Illustration-Boviscore.png\" class=\"attachment-large size-large wp-image-1720\" alt=\"\" srcset=\"https:\/\/boviprocess.fr\/wp-content\/uploads\/2023\/06\/Illustration-Boviscore.png 724w, https:\/\/boviprocess.fr\/wp-content\/uploads\/2023\/06\/Illustration-Boviscore-293x300.png 293w\" sizes=\"(max-width: 580px) 100vw, 580px\" \/>\t\t\t\t\t\t\t\t\t\t\t\t\t\t\t<\/div>\n\t\t\t\t<\/div>\n\t\t\t\t\t<\/div>\n\t\t<\/div>\n\t\t\t\t\t<\/div>\n\t\t<\/section>\n\t\t\t\t<section class=\"elementor-section elementor-top-section elementor-element elementor-element-780536c elementor-section-full_width elementor-reverse-mobile elementor-section-height-default elementor-section-height-default\" data-id=\"780536c\" data-element_type=\"section\" data-e-type=\"section\">\n\t\t\t\t\t\t<div class=\"elementor-container elementor-column-gap-default\">\n\t\t\t\t\t<div class=\"elementor-column elementor-col-33 elementor-top-column elementor-element elementor-element-fbec404\" data-id=\"fbec404\" data-element_type=\"column\" data-e-type=\"column\">\n\t\t\t<div class=\"elementor-widget-wrap\">\n\t\t\t\t\t\t\t<\/div>\n\t\t<\/div>\n\t\t\t\t<div class=\"elementor-column elementor-col-33 elementor-top-column elementor-element elementor-element-92dfa02\" data-id=\"92dfa02\" data-element_type=\"column\" data-e-type=\"column\">\n\t\t\t<div class=\"elementor-widget-wrap elementor-element-populated\">\n\t\t\t\t\t\t<div class=\"elementor-element elementor-element-0fc7a74 elementor-widget elementor-widget-image\" data-id=\"0fc7a74\" data-element_type=\"widget\" data-e-type=\"widget\" data-widget_type=\"image.default\">\n\t\t\t\t<div class=\"elementor-widget-container\">\n\t\t\t\t\t\t\t\t\t\t\t\t\t\t\t<img decoding=\"async\" width=\"580\" height=\"403\" src=\"https:\/\/boviprocess.fr\/wp-content\/uploads\/2023\/06\/audit1-1024x711.png\" class=\"attachment-large size-large wp-image-2020\" alt=\"\" srcset=\"https:\/\/boviprocess.fr\/wp-content\/uploads\/2023\/06\/audit1-1024x711.png 1024w, https:\/\/boviprocess.fr\/wp-content\/uploads\/2023\/06\/audit1-300x208.png 300w, https:\/\/boviprocess.fr\/wp-content\/uploads\/2023\/06\/audit1-768x533.png 768w, https:\/\/boviprocess.fr\/wp-content\/uploads\/2023\/06\/audit1-1200x833.png 1200w, https:\/\/boviprocess.fr\/wp-content\/uploads\/2023\/06\/audit1.png 1483w\" sizes=\"(max-width: 580px) 100vw, 580px\" \/>\t\t\t\t\t\t\t\t\t\t\t\t\t\t\t<\/div>\n\t\t\t\t<\/div>\n\t\t\t\t\t<\/div>\n\t\t<\/div>\n\t\t\t\t<div class=\"elementor-column elementor-col-33 elementor-top-column elementor-element elementor-element-83fcecd\" data-id=\"83fcecd\" data-element_type=\"column\" data-e-type=\"column\">\n\t\t\t<div class=\"elementor-widget-wrap elementor-element-populated\">\n\t\t\t\t\t\t<div class=\"elementor-element elementor-element-281da9b elementor-widget elementor-widget-heading\" data-id=\"281da9b\" data-element_type=\"widget\" data-e-type=\"widget\" data-widget_type=\"heading.default\">\n\t\t\t\t<div class=\"elementor-widget-container\">\n\t\t\t\t\t<h2 class=\"elementor-heading-title elementor-size-default\">Un support polyvalent<\/h2>\t\t\t\t<\/div>\n\t\t\t\t<\/div>\n\t\t\t\t<div class=\"elementor-element elementor-element-d28b68c elementor-widget elementor-widget-text-editor\" data-id=\"d28b68c\" data-element_type=\"widget\" data-e-type=\"widget\" data-widget_type=\"text-editor.default\">\n\t\t\t\t<div class=\"elementor-widget-container\">\n\t\t\t\t\t\t\t\t\t<p>Le BOVISCORE B\u00e9tail Process est \u00e9galement un moyen pertinent de mettre \u00e0 jour le DUERP (Document Unique d&rsquo;\u00c9valuation des Risques Professionnels).\u00a0Ce document obligatoire vise \u00e0 identifier, \u00e9valuer et pr\u00e9venir les risques professionnels. Il contribue \u00e0 la s\u00e9curit\u00e9 et \u00e0 la sant\u00e9 des travailleurs en proposant des mesures de pr\u00e9vention adapt\u00e9es.<\/p>\t\t\t\t\t\t\t\t<\/div>\n\t\t\t\t<\/div>\n\t\t\t\t\t<\/div>\n\t\t<\/div>\n\t\t\t\t\t<\/div>\n\t\t<\/section>\n\t\t\t\t<section class=\"elementor-section elementor-top-section elementor-element elementor-element-8e82630 elementor-section-boxed elementor-section-height-default elementor-section-height-default\" data-id=\"8e82630\" data-element_type=\"section\" data-e-type=\"section\">\n\t\t\t\t\t\t<div class=\"elementor-container elementor-column-gap-default\">\n\t\t\t\t\t<div class=\"elementor-column elementor-col-100 elementor-top-column elementor-element elementor-element-38af98f\" data-id=\"38af98f\" data-element_type=\"column\" data-e-type=\"column\">\n\t\t\t<div class=\"elementor-widget-wrap elementor-element-populated\">\n\t\t\t\t\t\t<div class=\"elementor-element elementor-element-32e9b0f elementor-widget elementor-widget-spacer\" data-id=\"32e9b0f\" data-element_type=\"widget\" data-e-type=\"widget\" data-widget_type=\"spacer.default\">\n\t\t\t\t<div class=\"elementor-widget-container\">\n\t\t\t\t\t\t\t<div class=\"elementor-spacer\">\n\t\t\t<div class=\"elementor-spacer-inner\"><\/div>\n\t\t<\/div>\n\t\t\t\t\t\t<\/div>\n\t\t\t\t<\/div>\n\t\t\t\t\t<\/div>\n\t\t<\/div>\n\t\t\t\t\t<\/div>\n\t\t<\/section>\n\t\t\t\t<section class=\"elementor-section elementor-top-section elementor-element elementor-element-bcde737 elementor-section-boxed elementor-section-height-default elementor-section-height-default\" data-id=\"bcde737\" data-element_type=\"section\" data-e-type=\"section\">\n\t\t\t\t\t\t<div class=\"elementor-container elementor-column-gap-default\">\n\t\t\t\t\t<div class=\"elementor-column elementor-col-33 elementor-top-column elementor-element elementor-element-e93123b\" data-id=\"e93123b\" data-element_type=\"column\" data-e-type=\"column\">\n\t\t\t<div class=\"elementor-widget-wrap\">\n\t\t\t\t\t\t\t<\/div>\n\t\t<\/div>\n\t\t\t\t<div class=\"elementor-column elementor-col-66 elementor-top-column elementor-element elementor-element-5120d9f\" data-id=\"5120d9f\" data-element_type=\"column\" data-e-type=\"column\">\n\t\t\t<div class=\"elementor-widget-wrap elementor-element-populated\">\n\t\t\t\t\t\t<div class=\"elementor-element elementor-element-39e00e5 elementor-align-left elementor-widget elementor-widget-button\" data-id=\"39e00e5\" data-element_type=\"widget\" data-e-type=\"widget\" data-widget_type=\"button.default\">\n\t\t\t\t<div class=\"elementor-widget-container\">\n\t\t\t\t\t\t\t\t\t<div class=\"elementor-button-wrapper\">\n\t\t\t\t\t<a class=\"elementor-button elementor-button-link elementor-size-sm\" href=\"https:\/\/boviprocess.fr\/index.php\/audit-boviprocess-pdf\/\" target=\"_blank\">\n\t\t\t\t\t\t<span class=\"elementor-button-content-wrapper\">\n\t\t\t\t\t\t<span class=\"elementor-button-icon\">\n\t\t\t\t<i aria-hidden=\"true\" class=\"fas fa-file-download\"><\/i>\t\t\t<\/span>\n\t\t\t\t\t\t\t\t\t<span class=\"elementor-button-text\">T\u00c9L\u00c9CHARGER LA BROCHURE<\/span>\n\t\t\t\t\t<\/span>\n\t\t\t\t\t<\/a>\n\t\t\t\t<\/div>\n\t\t\t\t\t\t\t\t<\/div>\n\t\t\t\t<\/div>\n\t\t\t\t\t<\/div>\n\t\t<\/div>\n\t\t\t\t\t<\/div>\n\t\t<\/section>\n\t\t\t\t<\/div>\n\t\t","protected":false},"excerpt":{"rendered":"<p>S\u00c9CURIT\u00c9 &#038; QUALIT\u00c9 BOVISCORE Un outil d&rsquo;\u00e9valuation Nous analysons vos infrastructures gr\u00e2ce \u00e0 un tableau unique d\u00e9taill\u00e9 en 275 points de contr\u00f4le. \u00a0L&rsquo;analyse fonctionnelle BOVISCORE est r\u00e9alis\u00e9e sur site puis debrief\u00e9 afin de comprendre quelles sont les forces et les faiblesses de votre centre d&rsquo;allotement. Cette \u00e9valuation est un point de d\u00e9part crucial pour construire [&hellip;]<\/p>\n","protected":false},"author":1,"featured_media":2029,"parent":0,"menu_order":0,"comment_status":"closed","ping_status":"closed","template":"","meta":{"footnotes":""},"class_list":["post-1449","page","type-page","status-publish","has-post-thumbnail","hentry"],"yoast_head":"<!-- This site is optimized with the Yoast SEO plugin v27.6 - https:\/\/yoast.com\/product\/yoast-seo-wordpress\/ -->\n<title>BOVISCORE - B\u00e9tail Process<\/title>\n<meta name=\"description\" content=\"Le Boviscore est un outil puissant et synth\u00e9tique qui fait un \u00e9tat des lieux de vos centres d&#039;allotement. C&#039;est un \u00e9l\u00e9ment cl\u00e9 du DUERP.\" \/>\n<meta name=\"robots\" content=\"index, follow, max-snippet:-1, max-image-preview:large, max-video-preview:-1\" \/>\n<link rel=\"canonical\" href=\"https:\/\/boviprocess.fr\/index.php\/boviscore\/\" \/>\n<meta property=\"og:locale\" content=\"fr_FR\" \/>\n<meta property=\"og:type\" content=\"article\" \/>\n<meta property=\"og:title\" content=\"BOVISCORE - B\u00e9tail Process\" \/>\n<meta property=\"og:description\" content=\"Le Boviscore est un outil puissant et synth\u00e9tique qui fait un \u00e9tat des lieux de vos centres d&#039;allotement. C&#039;est un \u00e9l\u00e9ment cl\u00e9 du DUERP.\" \/>\n<meta property=\"og:url\" content=\"https:\/\/boviprocess.fr\/index.php\/boviscore\/\" \/>\n<meta property=\"og:site_name\" content=\"BETAIL PROCESS Par Herv\u00e9 BAERT\" \/>\n<meta property=\"article:modified_time\" content=\"2023-06-29T09:56:13+00:00\" \/>\n<meta property=\"og:image\" content=\"https:\/\/boviprocess.fr\/wp-content\/uploads\/2023\/06\/boviscore-1.png\" \/>\n\t<meta property=\"og:image:width\" content=\"1707\" \/>\n\t<meta property=\"og:image:height\" content=\"1057\" \/>\n\t<meta property=\"og:image:type\" content=\"image\/png\" \/>\n<meta name=\"twitter:card\" content=\"summary_large_image\" \/>\n<meta name=\"twitter:label1\" content=\"Dur\u00e9e de lecture estim\u00e9e\" \/>\n\t<meta name=\"twitter:data1\" content=\"2 minutes\" \/>\n<script type=\"application\/ld+json\" class=\"yoast-schema-graph\">{\"@context\":\"https:\\\/\\\/schema.org\",\"@graph\":[{\"@type\":\"WebPage\",\"@id\":\"https:\\\/\\\/boviprocess.fr\\\/index.php\\\/boviscore\\\/\",\"url\":\"https:\\\/\\\/boviprocess.fr\\\/index.php\\\/boviscore\\\/\",\"name\":\"BOVISCORE - B\u00e9tail Process\",\"isPartOf\":{\"@id\":\"https:\\\/\\\/boviprocess.fr\\\/#website\"},\"primaryImageOfPage\":{\"@id\":\"https:\\\/\\\/boviprocess.fr\\\/index.php\\\/boviscore\\\/#primaryimage\"},\"image\":{\"@id\":\"https:\\\/\\\/boviprocess.fr\\\/index.php\\\/boviscore\\\/#primaryimage\"},\"thumbnailUrl\":\"https:\\\/\\\/boviprocess.fr\\\/wp-content\\\/uploads\\\/2023\\\/06\\\/boviscore-1.png\",\"datePublished\":\"2023-06-06T20:32:44+00:00\",\"dateModified\":\"2023-06-29T09:56:13+00:00\",\"description\":\"Le Boviscore est un outil puissant et synth\u00e9tique qui fait un \u00e9tat des lieux de vos centres d'allotement. C'est un \u00e9l\u00e9ment cl\u00e9 du DUERP.\",\"breadcrumb\":{\"@id\":\"https:\\\/\\\/boviprocess.fr\\\/index.php\\\/boviscore\\\/#breadcrumb\"},\"inLanguage\":\"fr-FR\",\"potentialAction\":[{\"@type\":\"ReadAction\",\"target\":[\"https:\\\/\\\/boviprocess.fr\\\/index.php\\\/boviscore\\\/\"]}]},{\"@type\":\"ImageObject\",\"inLanguage\":\"fr-FR\",\"@id\":\"https:\\\/\\\/boviprocess.fr\\\/index.php\\\/boviscore\\\/#primaryimage\",\"url\":\"https:\\\/\\\/boviprocess.fr\\\/wp-content\\\/uploads\\\/2023\\\/06\\\/boviscore-1.png\",\"contentUrl\":\"https:\\\/\\\/boviprocess.fr\\\/wp-content\\\/uploads\\\/2023\\\/06\\\/boviscore-1.png\",\"width\":1707,\"height\":1057},{\"@type\":\"BreadcrumbList\",\"@id\":\"https:\\\/\\\/boviprocess.fr\\\/index.php\\\/boviscore\\\/#breadcrumb\",\"itemListElement\":[{\"@type\":\"ListItem\",\"position\":1,\"name\":\"Accueil\",\"item\":\"https:\\\/\\\/boviprocess.fr\\\/\"},{\"@type\":\"ListItem\",\"position\":2,\"name\":\"BOVISCORE\"}]},{\"@type\":\"WebSite\",\"@id\":\"https:\\\/\\\/boviprocess.fr\\\/#website\",\"url\":\"https:\\\/\\\/boviprocess.fr\\\/\",\"name\":\"BETAIL PROCESS Par Herv\u00e9 BAERT\",\"description\":\"Bureau Analyse Etudes R\u00e9alisations Techniques - CENTRE D&#039;ALLOTEMENT - RASSEMBLEMENT DU  BETAIL\",\"publisher\":{\"@id\":\"https:\\\/\\\/boviprocess.fr\\\/#organization\"},\"potentialAction\":[{\"@type\":\"SearchAction\",\"target\":{\"@type\":\"EntryPoint\",\"urlTemplate\":\"https:\\\/\\\/boviprocess.fr\\\/?s={search_term_string}\"},\"query-input\":{\"@type\":\"PropertyValueSpecification\",\"valueRequired\":true,\"valueName\":\"search_term_string\"}}],\"inLanguage\":\"fr-FR\"},{\"@type\":\"Organization\",\"@id\":\"https:\\\/\\\/boviprocess.fr\\\/#organization\",\"name\":\"BETAIL PROCESS Par Herv\u00e9 BAERT\",\"url\":\"https:\\\/\\\/boviprocess.fr\\\/\",\"logo\":{\"@type\":\"ImageObject\",\"inLanguage\":\"fr-FR\",\"@id\":\"https:\\\/\\\/boviprocess.fr\\\/#\\\/schema\\\/logo\\\/image\\\/\",\"url\":\"https:\\\/\\\/boviprocess.fr\\\/wp-content\\\/uploads\\\/2021\\\/06\\\/cropped-cropped-cropped-logo-BetailProcess.png\",\"contentUrl\":\"https:\\\/\\\/boviprocess.fr\\\/wp-content\\\/uploads\\\/2021\\\/06\\\/cropped-cropped-cropped-logo-BetailProcess.png\",\"width\":1811,\"height\":954,\"caption\":\"BETAIL PROCESS Par Herv\u00e9 BAERT\"},\"image\":{\"@id\":\"https:\\\/\\\/boviprocess.fr\\\/#\\\/schema\\\/logo\\\/image\\\/\"}}]}<\/script>\n<!-- \/ Yoast SEO plugin. -->","yoast_head_json":{"title":"BOVISCORE - B\u00e9tail Process","description":"Le Boviscore est un outil puissant et synth\u00e9tique qui fait un \u00e9tat des lieux de vos centres d'allotement. C'est un \u00e9l\u00e9ment cl\u00e9 du DUERP.","robots":{"index":"index","follow":"follow","max-snippet":"max-snippet:-1","max-image-preview":"max-image-preview:large","max-video-preview":"max-video-preview:-1"},"canonical":"https:\/\/boviprocess.fr\/index.php\/boviscore\/","og_locale":"fr_FR","og_type":"article","og_title":"BOVISCORE - B\u00e9tail Process","og_description":"Le Boviscore est un outil puissant et synth\u00e9tique qui fait un \u00e9tat des lieux de vos centres d'allotement. C'est un \u00e9l\u00e9ment cl\u00e9 du DUERP.","og_url":"https:\/\/boviprocess.fr\/index.php\/boviscore\/","og_site_name":"BETAIL PROCESS Par Herv\u00e9 BAERT","article_modified_time":"2023-06-29T09:56:13+00:00","og_image":[{"width":1707,"height":1057,"url":"https:\/\/boviprocess.fr\/wp-content\/uploads\/2023\/06\/boviscore-1.png","type":"image\/png"}],"twitter_card":"summary_large_image","twitter_misc":{"Dur\u00e9e de lecture estim\u00e9e":"2 minutes"},"schema":{"@context":"https:\/\/schema.org","@graph":[{"@type":"WebPage","@id":"https:\/\/boviprocess.fr\/index.php\/boviscore\/","url":"https:\/\/boviprocess.fr\/index.php\/boviscore\/","name":"BOVISCORE - B\u00e9tail Process","isPartOf":{"@id":"https:\/\/boviprocess.fr\/#website"},"primaryImageOfPage":{"@id":"https:\/\/boviprocess.fr\/index.php\/boviscore\/#primaryimage"},"image":{"@id":"https:\/\/boviprocess.fr\/index.php\/boviscore\/#primaryimage"},"thumbnailUrl":"https:\/\/boviprocess.fr\/wp-content\/uploads\/2023\/06\/boviscore-1.png","datePublished":"2023-06-06T20:32:44+00:00","dateModified":"2023-06-29T09:56:13+00:00","description":"Le Boviscore est un outil puissant et synth\u00e9tique qui fait un \u00e9tat des lieux de vos centres d'allotement. C'est un \u00e9l\u00e9ment cl\u00e9 du DUERP.","breadcrumb":{"@id":"https:\/\/boviprocess.fr\/index.php\/boviscore\/#breadcrumb"},"inLanguage":"fr-FR","potentialAction":[{"@type":"ReadAction","target":["https:\/\/boviprocess.fr\/index.php\/boviscore\/"]}]},{"@type":"ImageObject","inLanguage":"fr-FR","@id":"https:\/\/boviprocess.fr\/index.php\/boviscore\/#primaryimage","url":"https:\/\/boviprocess.fr\/wp-content\/uploads\/2023\/06\/boviscore-1.png","contentUrl":"https:\/\/boviprocess.fr\/wp-content\/uploads\/2023\/06\/boviscore-1.png","width":1707,"height":1057},{"@type":"BreadcrumbList","@id":"https:\/\/boviprocess.fr\/index.php\/boviscore\/#breadcrumb","itemListElement":[{"@type":"ListItem","position":1,"name":"Accueil","item":"https:\/\/boviprocess.fr\/"},{"@type":"ListItem","position":2,"name":"BOVISCORE"}]},{"@type":"WebSite","@id":"https:\/\/boviprocess.fr\/#website","url":"https:\/\/boviprocess.fr\/","name":"BETAIL PROCESS Par Herv\u00e9 BAERT","description":"Bureau Analyse Etudes R\u00e9alisations Techniques - CENTRE D&#039;ALLOTEMENT - RASSEMBLEMENT DU  BETAIL","publisher":{"@id":"https:\/\/boviprocess.fr\/#organization"},"potentialAction":[{"@type":"SearchAction","target":{"@type":"EntryPoint","urlTemplate":"https:\/\/boviprocess.fr\/?s={search_term_string}"},"query-input":{"@type":"PropertyValueSpecification","valueRequired":true,"valueName":"search_term_string"}}],"inLanguage":"fr-FR"},{"@type":"Organization","@id":"https:\/\/boviprocess.fr\/#organization","name":"BETAIL PROCESS Par Herv\u00e9 BAERT","url":"https:\/\/boviprocess.fr\/","logo":{"@type":"ImageObject","inLanguage":"fr-FR","@id":"https:\/\/boviprocess.fr\/#\/schema\/logo\/image\/","url":"https:\/\/boviprocess.fr\/wp-content\/uploads\/2021\/06\/cropped-cropped-cropped-logo-BetailProcess.png","contentUrl":"https:\/\/boviprocess.fr\/wp-content\/uploads\/2021\/06\/cropped-cropped-cropped-logo-BetailProcess.png","width":1811,"height":954,"caption":"BETAIL PROCESS Par Herv\u00e9 BAERT"},"image":{"@id":"https:\/\/boviprocess.fr\/#\/schema\/logo\/image\/"}}]}},"_links":{"self":[{"href":"https:\/\/boviprocess.fr\/index.php\/wp-json\/wp\/v2\/pages\/1449","targetHints":{"allow":["GET"]}}],"collection":[{"href":"https:\/\/boviprocess.fr\/index.php\/wp-json\/wp\/v2\/pages"}],"about":[{"href":"https:\/\/boviprocess.fr\/index.php\/wp-json\/wp\/v2\/types\/page"}],"author":[{"embeddable":true,"href":"https:\/\/boviprocess.fr\/index.php\/wp-json\/wp\/v2\/users\/1"}],"replies":[{"embeddable":true,"href":"https:\/\/boviprocess.fr\/index.php\/wp-json\/wp\/v2\/comments?post=1449"}],"version-history":[{"count":54,"href":"https:\/\/boviprocess.fr\/index.php\/wp-json\/wp\/v2\/pages\/1449\/revisions"}],"predecessor-version":[{"id":2817,"href":"https:\/\/boviprocess.fr\/index.php\/wp-json\/wp\/v2\/pages\/1449\/revisions\/2817"}],"wp:featuredmedia":[{"embeddable":true,"href":"https:\/\/boviprocess.fr\/index.php\/wp-json\/wp\/v2\/media\/2029"}],"wp:attachment":[{"href":"https:\/\/boviprocess.fr\/index.php\/wp-json\/wp\/v2\/media?parent=1449"}],"curies":[{"name":"wp","href":"https:\/\/api.w.org\/{rel}","templated":true}]}}