{"id":1472,"date":"2023-06-06T22:49:39","date_gmt":"2023-06-06T20:49:39","guid":{"rendered":"https:\/\/boviprocess.fr\/?page_id=1472"},"modified":"2024-07-15T17:48:10","modified_gmt":"2024-07-15T15:48:10","slug":"contact","status":"publish","type":"page","link":"https:\/\/boviprocess.fr\/index.php\/contact\/","title":{"rendered":"CONTACT"},"content":{"rendered":"\t\t<div data-elementor-type=\"wp-page\" data-elementor-id=\"1472\" class=\"elementor elementor-1472\">\n\t\t\t\t\t\t<section class=\"elementor-section elementor-top-section elementor-element elementor-element-546b953 elementor-section-boxed elementor-section-height-default elementor-section-height-default\" data-id=\"546b953\" data-element_type=\"section\" data-e-type=\"section\">\n\t\t\t\t\t\t<div class=\"elementor-container elementor-column-gap-default\">\n\t\t\t\t\t<div class=\"elementor-column elementor-col-100 elementor-top-column elementor-element elementor-element-a504680\" data-id=\"a504680\" data-element_type=\"column\" data-e-type=\"column\">\n\t\t\t<div class=\"elementor-widget-wrap elementor-element-populated\">\n\t\t\t\t\t\t<div class=\"elementor-element elementor-element-b8db095 elementor-widget elementor-widget-spacer\" data-id=\"b8db095\" data-element_type=\"widget\" data-e-type=\"widget\" data-widget_type=\"spacer.default\">\n\t\t\t\t<div class=\"elementor-widget-container\">\n\t\t\t\t\t\t\t<div class=\"elementor-spacer\">\n\t\t\t<div class=\"elementor-spacer-inner\"><\/div>\n\t\t<\/div>\n\t\t\t\t\t\t<\/div>\n\t\t\t\t<\/div>\n\t\t\t\t\t<\/div>\n\t\t<\/div>\n\t\t\t\t\t<\/div>\n\t\t<\/section>\n\t\t\t\t<section class=\"elementor-section elementor-top-section elementor-element elementor-element-df8578c elementor-section-full_width elementor-section-height-default elementor-section-height-default\" data-id=\"df8578c\" data-element_type=\"section\" data-e-type=\"section\">\n\t\t\t\t\t\t<div class=\"elementor-container elementor-column-gap-default\">\n\t\t\t\t\t<div class=\"elementor-column elementor-col-33 elementor-top-column elementor-element elementor-element-305649a\" data-id=\"305649a\" data-element_type=\"column\" data-e-type=\"column\">\n\t\t\t<div class=\"elementor-widget-wrap elementor-element-populated\">\n\t\t\t\t\t\t<div class=\"elementor-element elementor-element-b6f29f3 elementor-widget__width-initial elementor-fixed elementor-widget elementor-widget-heading\" data-id=\"b6f29f3\" data-element_type=\"widget\" data-e-type=\"widget\" data-settings=\"{&quot;_position&quot;:&quot;fixed&quot;}\" data-widget_type=\"heading.default\">\n\t\t\t\t<div class=\"elementor-widget-container\">\n\t\t\t\t\t<h1 class=\"elementor-heading-title elementor-size-default\">CONTACT<\/h1>\t\t\t\t<\/div>\n\t\t\t\t<\/div>\n\t\t\t\t\t<\/div>\n\t\t<\/div>\n\t\t\t\t<div class=\"elementor-column elementor-col-33 elementor-top-column elementor-element elementor-element-300dadc\" data-id=\"300dadc\" data-element_type=\"column\" data-e-type=\"column\">\n\t\t\t<div class=\"elementor-widget-wrap elementor-element-populated\">\n\t\t\t\t\t\t<div class=\"elementor-element elementor-element-4472374 elementor-widget elementor-widget-heading\" data-id=\"4472374\" data-element_type=\"widget\" data-e-type=\"widget\" data-widget_type=\"heading.default\">\n\t\t\t\t<div class=\"elementor-widget-container\">\n\t\t\t\t\t<h2 class=\"elementor-heading-title elementor-size-default\">Herv\u00e9 BAERT<\/h2>\t\t\t\t<\/div>\n\t\t\t\t<\/div>\n\t\t\t\t<div class=\"elementor-element elementor-element-a826f5d elementor-widget__width-initial elementor-widget elementor-widget-text-editor\" data-id=\"a826f5d\" data-element_type=\"widget\" data-e-type=\"widget\" data-widget_type=\"text-editor.default\">\n\t\t\t\t<div class=\"elementor-widget-container\">\n\t\t\t\t\t\t\t\t\t<p><a href=\"mailto:hbaert@betailprocess.fr\">hbaert@betailprocess.fr<\/a><\/p><p><span style=\"font-size: inherit; text-align: inherit; letter-spacing: -0.015em;\">06 43 70 50 83<\/span><\/p>\t\t\t\t\t\t\t\t<\/div>\n\t\t\t\t<\/div>\n\t\t\t\t<div class=\"elementor-element elementor-element-ca08df1 elementor-align-right elementor-widget elementor-widget-button\" data-id=\"ca08df1\" data-element_type=\"widget\" data-e-type=\"widget\" data-widget_type=\"button.default\">\n\t\t\t\t<div class=\"elementor-widget-container\">\n\t\t\t\t\t\t\t\t\t<div class=\"elementor-button-wrapper\">\n\t\t\t\t\t<a class=\"elementor-button elementor-button-link elementor-size-sm\" href=\"mailto:hbaert@betailprocess.fr\" target=\"_blank\">\n\t\t\t\t\t\t<span class=\"elementor-button-content-wrapper\">\n\t\t\t\t\t\t<span class=\"elementor-button-icon\">\n\t\t\t\t<i aria-hidden=\"true\" class=\"far fa-envelope\"><\/i>\t\t\t<\/span>\n\t\t\t\t\t\t\t\t\t<span class=\"elementor-button-text\">CONTACTER PAR MAIL<\/span>\n\t\t\t\t\t<\/span>\n\t\t\t\t\t<\/a>\n\t\t\t\t<\/div>\n\t\t\t\t\t\t\t\t<\/div>\n\t\t\t\t<\/div>\n\t\t\t\t\t<\/div>\n\t\t<\/div>\n\t\t\t\t<div class=\"elementor-column elementor-col-33 elementor-top-column elementor-element elementor-element-e5071dc\" data-id=\"e5071dc\" data-element_type=\"column\" data-e-type=\"column\">\n\t\t\t<div class=\"elementor-widget-wrap elementor-element-populated\">\n\t\t\t\t\t\t<div class=\"elementor-element elementor-element-16667db elementor-widget elementor-widget-image\" data-id=\"16667db\" data-element_type=\"widget\" data-e-type=\"widget\" data-widget_type=\"image.default\">\n\t\t\t\t<div class=\"elementor-widget-container\">\n\t\t\t\t\t\t\t\t\t\t\t\t\t\t\t<img fetchpriority=\"high\" decoding=\"async\" width=\"1444\" height=\"965\" src=\"https:\/\/boviprocess.fr\/wp-content\/uploads\/2023\/06\/sur-le-terrain.png\" class=\"attachment-full size-full wp-image-1983\" alt=\"\" srcset=\"https:\/\/boviprocess.fr\/wp-content\/uploads\/2023\/06\/sur-le-terrain.png 1444w, https:\/\/boviprocess.fr\/wp-content\/uploads\/2023\/06\/sur-le-terrain-300x200.png 300w, https:\/\/boviprocess.fr\/wp-content\/uploads\/2023\/06\/sur-le-terrain-1024x684.png 1024w, https:\/\/boviprocess.fr\/wp-content\/uploads\/2023\/06\/sur-le-terrain-768x513.png 768w, https:\/\/boviprocess.fr\/wp-content\/uploads\/2023\/06\/sur-le-terrain-1200x802.png 1200w\" sizes=\"(max-width: 1444px) 100vw, 1444px\" \/>\t\t\t\t\t\t\t\t\t\t\t\t\t\t\t<\/div>\n\t\t\t\t<\/div>\n\t\t\t\t\t<\/div>\n\t\t<\/div>\n\t\t\t\t\t<\/div>\n\t\t<\/section>\n\t\t\t\t<section class=\"elementor-section elementor-top-section elementor-element elementor-element-4ef35d3 elementor-section-boxed elementor-section-height-default elementor-section-height-default\" data-id=\"4ef35d3\" data-element_type=\"section\" data-e-type=\"section\">\n\t\t\t\t\t\t<div class=\"elementor-container elementor-column-gap-default\">\n\t\t\t\t\t<div class=\"elementor-column elementor-col-100 elementor-top-column elementor-element elementor-element-048e80d\" data-id=\"048e80d\" data-element_type=\"column\" data-e-type=\"column\">\n\t\t\t<div class=\"elementor-widget-wrap elementor-element-populated\">\n\t\t\t\t\t\t<div class=\"elementor-element elementor-element-6322057 elementor-widget elementor-widget-spacer\" data-id=\"6322057\" data-element_type=\"widget\" data-e-type=\"widget\" data-widget_type=\"spacer.default\">\n\t\t\t\t<div class=\"elementor-widget-container\">\n\t\t\t\t\t\t\t<div class=\"elementor-spacer\">\n\t\t\t<div class=\"elementor-spacer-inner\"><\/div>\n\t\t<\/div>\n\t\t\t\t\t\t<\/div>\n\t\t\t\t<\/div>\n\t\t\t\t\t<\/div>\n\t\t<\/div>\n\t\t\t\t\t<\/div>\n\t\t<\/section>\n\t\t\t\t<\/div>\n\t\t","protected":false},"excerpt":{"rendered":"<p>CONTACT Herv\u00e9 BAERT hbaert@betailprocess.fr 06 43 70 50 83 CONTACTER PAR MAIL<\/p>\n","protected":false},"author":1,"featured_media":0,"parent":0,"menu_order":0,"comment_status":"closed","ping_status":"closed","template":"","meta":{"footnotes":""},"class_list":["post-1472","page","type-page","status-publish","hentry"],"yoast_head":"<!-- This site is optimized with the Yoast SEO plugin v27.3 - https:\/\/yoast.com\/product\/yoast-seo-wordpress\/ -->\n<title>CONTACT - B\u00e9tail Process<\/title>\n<meta name=\"description\" content=\"Herv\u00e9 Baert, sp\u00e9cialiste en \u00e9quipement de centre de rassemblement bovin, vous accompagne dans vos projets. Discutons-en et prenons rendez-vous !\" \/>\n<meta name=\"robots\" content=\"index, follow, max-snippet:-1, max-image-preview:large, max-video-preview:-1\" \/>\n<link rel=\"canonical\" href=\"https:\/\/boviprocess.fr\/index.php\/contact\/\" \/>\n<meta property=\"og:locale\" content=\"fr_FR\" \/>\n<meta property=\"og:type\" content=\"article\" \/>\n<meta property=\"og:title\" content=\"CONTACT - B\u00e9tail Process\" \/>\n<meta property=\"og:description\" content=\"Herv\u00e9 Baert, sp\u00e9cialiste en \u00e9quipement de centre de rassemblement bovin, vous accompagne dans vos projets. Discutons-en et prenons rendez-vous !\" \/>\n<meta property=\"og:url\" content=\"https:\/\/boviprocess.fr\/index.php\/contact\/\" \/>\n<meta property=\"og:site_name\" content=\"BETAIL PROCESS Par Herv\u00e9 BAERT\" \/>\n<meta property=\"article:modified_time\" content=\"2024-07-15T15:48:10+00:00\" \/>\n<meta property=\"og:image\" content=\"https:\/\/boviprocess.fr\/wp-content\/uploads\/2023\/06\/sur-le-terrain.png\" \/>\n<meta name=\"twitter:card\" content=\"summary_large_image\" \/>\n<meta name=\"twitter:label1\" content=\"Dur\u00e9e de lecture estim\u00e9e\" \/>\n\t<meta name=\"twitter:data1\" content=\"1 minute\" \/>\n<script type=\"application\/ld+json\" class=\"yoast-schema-graph\">{\"@context\":\"https:\\\/\\\/schema.org\",\"@graph\":[{\"@type\":\"WebPage\",\"@id\":\"https:\\\/\\\/boviprocess.fr\\\/index.php\\\/contact\\\/\",\"url\":\"https:\\\/\\\/boviprocess.fr\\\/index.php\\\/contact\\\/\",\"name\":\"CONTACT - B\u00e9tail Process\",\"isPartOf\":{\"@id\":\"https:\\\/\\\/boviprocess.fr\\\/#website\"},\"primaryImageOfPage\":{\"@id\":\"https:\\\/\\\/boviprocess.fr\\\/index.php\\\/contact\\\/#primaryimage\"},\"image\":{\"@id\":\"https:\\\/\\\/boviprocess.fr\\\/index.php\\\/contact\\\/#primaryimage\"},\"thumbnailUrl\":\"https:\\\/\\\/boviprocess.fr\\\/wp-content\\\/uploads\\\/2023\\\/06\\\/sur-le-terrain.png\",\"datePublished\":\"2023-06-06T20:49:39+00:00\",\"dateModified\":\"2024-07-15T15:48:10+00:00\",\"description\":\"Herv\u00e9 Baert, sp\u00e9cialiste en \u00e9quipement de centre de rassemblement bovin, vous accompagne dans vos projets. Discutons-en et prenons rendez-vous !\",\"breadcrumb\":{\"@id\":\"https:\\\/\\\/boviprocess.fr\\\/index.php\\\/contact\\\/#breadcrumb\"},\"inLanguage\":\"fr-FR\",\"potentialAction\":[{\"@type\":\"ReadAction\",\"target\":[\"https:\\\/\\\/boviprocess.fr\\\/index.php\\\/contact\\\/\"]}]},{\"@type\":\"ImageObject\",\"inLanguage\":\"fr-FR\",\"@id\":\"https:\\\/\\\/boviprocess.fr\\\/index.php\\\/contact\\\/#primaryimage\",\"url\":\"\",\"contentUrl\":\"\"},{\"@type\":\"BreadcrumbList\",\"@id\":\"https:\\\/\\\/boviprocess.fr\\\/index.php\\\/contact\\\/#breadcrumb\",\"itemListElement\":[{\"@type\":\"ListItem\",\"position\":1,\"name\":\"Accueil\",\"item\":\"https:\\\/\\\/boviprocess.fr\\\/\"},{\"@type\":\"ListItem\",\"position\":2,\"name\":\"CONTACT\"}]},{\"@type\":\"WebSite\",\"@id\":\"https:\\\/\\\/boviprocess.fr\\\/#website\",\"url\":\"https:\\\/\\\/boviprocess.fr\\\/\",\"name\":\"BETAIL PROCESS Par Herv\u00e9 BAERT\",\"description\":\"Bureau Analyse Etudes R\u00e9alisations Techniques - CENTRE D&#039;ALLOTEMENT - RASSEMBLEMENT DU  BETAIL\",\"publisher\":{\"@id\":\"https:\\\/\\\/boviprocess.fr\\\/#organization\"},\"potentialAction\":[{\"@type\":\"SearchAction\",\"target\":{\"@type\":\"EntryPoint\",\"urlTemplate\":\"https:\\\/\\\/boviprocess.fr\\\/?s={search_term_string}\"},\"query-input\":{\"@type\":\"PropertyValueSpecification\",\"valueRequired\":true,\"valueName\":\"search_term_string\"}}],\"inLanguage\":\"fr-FR\"},{\"@type\":\"Organization\",\"@id\":\"https:\\\/\\\/boviprocess.fr\\\/#organization\",\"name\":\"BETAIL PROCESS Par Herv\u00e9 BAERT\",\"url\":\"https:\\\/\\\/boviprocess.fr\\\/\",\"logo\":{\"@type\":\"ImageObject\",\"inLanguage\":\"fr-FR\",\"@id\":\"https:\\\/\\\/boviprocess.fr\\\/#\\\/schema\\\/logo\\\/image\\\/\",\"url\":\"https:\\\/\\\/boviprocess.fr\\\/wp-content\\\/uploads\\\/2021\\\/06\\\/cropped-cropped-cropped-logo-BetailProcess.png\",\"contentUrl\":\"https:\\\/\\\/boviprocess.fr\\\/wp-content\\\/uploads\\\/2021\\\/06\\\/cropped-cropped-cropped-logo-BetailProcess.png\",\"width\":1811,\"height\":954,\"caption\":\"BETAIL PROCESS Par Herv\u00e9 BAERT\"},\"image\":{\"@id\":\"https:\\\/\\\/boviprocess.fr\\\/#\\\/schema\\\/logo\\\/image\\\/\"}}]}<\/script>\n<!-- \/ Yoast SEO plugin. -->","yoast_head_json":{"title":"CONTACT - B\u00e9tail Process","description":"Herv\u00e9 Baert, sp\u00e9cialiste en \u00e9quipement de centre de rassemblement bovin, vous accompagne dans vos projets. Discutons-en et prenons rendez-vous !","robots":{"index":"index","follow":"follow","max-snippet":"max-snippet:-1","max-image-preview":"max-image-preview:large","max-video-preview":"max-video-preview:-1"},"canonical":"https:\/\/boviprocess.fr\/index.php\/contact\/","og_locale":"fr_FR","og_type":"article","og_title":"CONTACT - B\u00e9tail Process","og_description":"Herv\u00e9 Baert, sp\u00e9cialiste en \u00e9quipement de centre de rassemblement bovin, vous accompagne dans vos projets. Discutons-en et prenons rendez-vous !","og_url":"https:\/\/boviprocess.fr\/index.php\/contact\/","og_site_name":"BETAIL PROCESS Par Herv\u00e9 BAERT","article_modified_time":"2024-07-15T15:48:10+00:00","og_image":[{"url":"https:\/\/boviprocess.fr\/wp-content\/uploads\/2023\/06\/sur-le-terrain.png","type":"","width":"","height":""}],"twitter_card":"summary_large_image","twitter_misc":{"Dur\u00e9e de lecture estim\u00e9e":"1 minute"},"schema":{"@context":"https:\/\/schema.org","@graph":[{"@type":"WebPage","@id":"https:\/\/boviprocess.fr\/index.php\/contact\/","url":"https:\/\/boviprocess.fr\/index.php\/contact\/","name":"CONTACT - B\u00e9tail Process","isPartOf":{"@id":"https:\/\/boviprocess.fr\/#website"},"primaryImageOfPage":{"@id":"https:\/\/boviprocess.fr\/index.php\/contact\/#primaryimage"},"image":{"@id":"https:\/\/boviprocess.fr\/index.php\/contact\/#primaryimage"},"thumbnailUrl":"https:\/\/boviprocess.fr\/wp-content\/uploads\/2023\/06\/sur-le-terrain.png","datePublished":"2023-06-06T20:49:39+00:00","dateModified":"2024-07-15T15:48:10+00:00","description":"Herv\u00e9 Baert, sp\u00e9cialiste en \u00e9quipement de centre de rassemblement bovin, vous accompagne dans vos projets. Discutons-en et prenons rendez-vous !","breadcrumb":{"@id":"https:\/\/boviprocess.fr\/index.php\/contact\/#breadcrumb"},"inLanguage":"fr-FR","potentialAction":[{"@type":"ReadAction","target":["https:\/\/boviprocess.fr\/index.php\/contact\/"]}]},{"@type":"ImageObject","inLanguage":"fr-FR","@id":"https:\/\/boviprocess.fr\/index.php\/contact\/#primaryimage","url":"","contentUrl":""},{"@type":"BreadcrumbList","@id":"https:\/\/boviprocess.fr\/index.php\/contact\/#breadcrumb","itemListElement":[{"@type":"ListItem","position":1,"name":"Accueil","item":"https:\/\/boviprocess.fr\/"},{"@type":"ListItem","position":2,"name":"CONTACT"}]},{"@type":"WebSite","@id":"https:\/\/boviprocess.fr\/#website","url":"https:\/\/boviprocess.fr\/","name":"BETAIL PROCESS Par Herv\u00e9 BAERT","description":"Bureau Analyse Etudes R\u00e9alisations Techniques - CENTRE D&#039;ALLOTEMENT - RASSEMBLEMENT DU  BETAIL","publisher":{"@id":"https:\/\/boviprocess.fr\/#organization"},"potentialAction":[{"@type":"SearchAction","target":{"@type":"EntryPoint","urlTemplate":"https:\/\/boviprocess.fr\/?s={search_term_string}"},"query-input":{"@type":"PropertyValueSpecification","valueRequired":true,"valueName":"search_term_string"}}],"inLanguage":"fr-FR"},{"@type":"Organization","@id":"https:\/\/boviprocess.fr\/#organization","name":"BETAIL PROCESS Par Herv\u00e9 BAERT","url":"https:\/\/boviprocess.fr\/","logo":{"@type":"ImageObject","inLanguage":"fr-FR","@id":"https:\/\/boviprocess.fr\/#\/schema\/logo\/image\/","url":"https:\/\/boviprocess.fr\/wp-content\/uploads\/2021\/06\/cropped-cropped-cropped-logo-BetailProcess.png","contentUrl":"https:\/\/boviprocess.fr\/wp-content\/uploads\/2021\/06\/cropped-cropped-cropped-logo-BetailProcess.png","width":1811,"height":954,"caption":"BETAIL PROCESS Par Herv\u00e9 BAERT"},"image":{"@id":"https:\/\/boviprocess.fr\/#\/schema\/logo\/image\/"}}]}},"_links":{"self":[{"href":"https:\/\/boviprocess.fr\/index.php\/wp-json\/wp\/v2\/pages\/1472","targetHints":{"allow":["GET"]}}],"collection":[{"href":"https:\/\/boviprocess.fr\/index.php\/wp-json\/wp\/v2\/pages"}],"about":[{"href":"https:\/\/boviprocess.fr\/index.php\/wp-json\/wp\/v2\/types\/page"}],"author":[{"embeddable":true,"href":"https:\/\/boviprocess.fr\/index.php\/wp-json\/wp\/v2\/users\/1"}],"replies":[{"embeddable":true,"href":"https:\/\/boviprocess.fr\/index.php\/wp-json\/wp\/v2\/comments?post=1472"}],"version-history":[{"count":43,"href":"https:\/\/boviprocess.fr\/index.php\/wp-json\/wp\/v2\/pages\/1472\/revisions"}],"predecessor-version":[{"id":2915,"href":"https:\/\/boviprocess.fr\/index.php\/wp-json\/wp\/v2\/pages\/1472\/revisions\/2915"}],"wp:attachment":[{"href":"https:\/\/boviprocess.fr\/index.php\/wp-json\/wp\/v2\/media?parent=1472"}],"curies":[{"name":"wp","href":"https:\/\/api.w.org\/{rel}","templated":true}]}}