{"id":1501,"date":"2023-06-06T22:57:06","date_gmt":"2023-06-06T20:57:06","guid":{"rendered":"https:\/\/boviprocess.fr\/?page_id=1501"},"modified":"2023-06-29T12:04:24","modified_gmt":"2023-06-29T10:04:24","slug":"etude-de-projet","status":"publish","type":"page","link":"https:\/\/boviprocess.fr\/index.php\/etude-de-projet\/","title":{"rendered":"\u00c9TUDE DE PROJET"},"content":{"rendered":"\t\t<div data-elementor-type=\"wp-page\" data-elementor-id=\"1501\" class=\"elementor elementor-1501\">\n\t\t\t\t\t\t<section class=\"elementor-section elementor-top-section elementor-element elementor-element-546b953 elementor-section-boxed elementor-section-height-default elementor-section-height-default\" data-id=\"546b953\" data-element_type=\"section\" data-e-type=\"section\">\n\t\t\t\t\t\t<div class=\"elementor-container elementor-column-gap-default\">\n\t\t\t\t\t<div class=\"elementor-column elementor-col-100 elementor-top-column elementor-element elementor-element-a504680\" data-id=\"a504680\" data-element_type=\"column\" data-e-type=\"column\">\n\t\t\t<div class=\"elementor-widget-wrap elementor-element-populated\">\n\t\t\t\t\t\t<div class=\"elementor-element elementor-element-b8db095 elementor-widget elementor-widget-spacer\" data-id=\"b8db095\" data-element_type=\"widget\" data-e-type=\"widget\" data-widget_type=\"spacer.default\">\n\t\t\t\t<div class=\"elementor-widget-container\">\n\t\t\t\t\t\t\t<div class=\"elementor-spacer\">\n\t\t\t<div class=\"elementor-spacer-inner\"><\/div>\n\t\t<\/div>\n\t\t\t\t\t\t<\/div>\n\t\t\t\t<\/div>\n\t\t\t\t\t<\/div>\n\t\t<\/div>\n\t\t\t\t\t<\/div>\n\t\t<\/section>\n\t\t\t\t<section class=\"elementor-section elementor-top-section elementor-element elementor-element-2e50476 elementor-section-full_width elementor-section-height-default elementor-section-height-default\" data-id=\"2e50476\" data-element_type=\"section\" data-e-type=\"section\">\n\t\t\t\t\t\t<div class=\"elementor-container elementor-column-gap-default\">\n\t\t\t\t\t<div class=\"elementor-column elementor-col-33 elementor-top-column elementor-element elementor-element-bdf0f13\" data-id=\"bdf0f13\" data-element_type=\"column\" data-e-type=\"column\">\n\t\t\t<div class=\"elementor-widget-wrap elementor-element-populated\">\n\t\t\t\t\t\t<div class=\"elementor-element elementor-element-de4e6e1 elementor-widget__width-initial elementor-fixed elementor-hidden-mobile elementor-widget elementor-widget-heading\" data-id=\"de4e6e1\" data-element_type=\"widget\" data-e-type=\"widget\" data-settings=\"{&quot;_position&quot;:&quot;fixed&quot;}\" data-widget_type=\"heading.default\">\n\t\t\t\t<div class=\"elementor-widget-container\">\n\t\t\t\t\t<h2 class=\"elementor-heading-title elementor-size-default\">NOS PRESTATIONS<\/h2>\t\t\t\t<\/div>\n\t\t\t\t<\/div>\n\t\t\t\t<div class=\"elementor-element elementor-element-5691740 elementor-widget__width-initial elementor-fixed elementor-hidden-mobile elementor-widget elementor-widget-heading\" data-id=\"5691740\" data-element_type=\"widget\" data-e-type=\"widget\" data-settings=\"{&quot;_position&quot;:&quot;fixed&quot;}\" data-widget_type=\"heading.default\">\n\t\t\t\t<div class=\"elementor-widget-container\">\n\t\t\t\t\t<h2 class=\"elementor-heading-title elementor-size-default\">\u00c9TUDE DE PROJET<\/h2>\t\t\t\t<\/div>\n\t\t\t\t<\/div>\n\t\t\t\t\t<\/div>\n\t\t<\/div>\n\t\t\t\t<div class=\"elementor-column elementor-col-33 elementor-top-column elementor-element elementor-element-c134971\" data-id=\"c134971\" data-element_type=\"column\" data-e-type=\"column\">\n\t\t\t<div class=\"elementor-widget-wrap elementor-element-populated\">\n\t\t\t\t\t\t<div class=\"elementor-element elementor-element-4c3701c elementor-widget elementor-widget-heading\" data-id=\"4c3701c\" data-element_type=\"widget\" data-e-type=\"widget\" data-widget_type=\"heading.default\">\n\t\t\t\t<div class=\"elementor-widget-container\">\n\t\t\t\t\t<h2 class=\"elementor-heading-title elementor-size-default\">Mesurer pour projeter<\/h2>\t\t\t\t<\/div>\n\t\t\t\t<\/div>\n\t\t\t\t<div class=\"elementor-element elementor-element-191f765 elementor-widget elementor-widget-text-editor\" data-id=\"191f765\" data-element_type=\"widget\" data-e-type=\"widget\" data-widget_type=\"text-editor.default\">\n\t\t\t\t<div class=\"elementor-widget-container\">\n\t\t\t\t\t\t\t\t\t<p>Optez pour notre forfait \u00e9tude de projet pour b\u00e9n\u00e9ficier d&rsquo;un accompagnement dans les premi\u00e8res \u00e9tapes de la construction de votre projet de centre d&rsquo;allotement.<\/p>\t\t\t\t\t\t\t\t<\/div>\n\t\t\t\t<\/div>\n\t\t\t\t\t<\/div>\n\t\t<\/div>\n\t\t\t\t<div class=\"elementor-column elementor-col-33 elementor-top-column elementor-element elementor-element-24a9cd8\" data-id=\"24a9cd8\" data-element_type=\"column\" data-e-type=\"column\">\n\t\t\t<div class=\"elementor-widget-wrap elementor-element-populated\">\n\t\t\t\t\t\t<div class=\"elementor-element elementor-element-58f49a3 elementor-widget elementor-widget-image\" data-id=\"58f49a3\" data-element_type=\"widget\" data-e-type=\"widget\" data-widget_type=\"image.default\">\n\t\t\t\t<div class=\"elementor-widget-container\">\n\t\t\t\t\t\t\t\t\t\t\t\t\t\t\t<img fetchpriority=\"high\" decoding=\"async\" width=\"580\" height=\"325\" src=\"https:\/\/boviprocess.fr\/wp-content\/uploads\/2023\/06\/plan2-1024x574.png\" class=\"attachment-large size-large wp-image-1980\" alt=\"\" srcset=\"https:\/\/boviprocess.fr\/wp-content\/uploads\/2023\/06\/plan2-1024x574.png 1024w, https:\/\/boviprocess.fr\/wp-content\/uploads\/2023\/06\/plan2-300x168.png 300w, https:\/\/boviprocess.fr\/wp-content\/uploads\/2023\/06\/plan2-768x431.png 768w, https:\/\/boviprocess.fr\/wp-content\/uploads\/2023\/06\/plan2-1536x861.png 1536w, https:\/\/boviprocess.fr\/wp-content\/uploads\/2023\/06\/plan2-1200x673.png 1200w, https:\/\/boviprocess.fr\/wp-content\/uploads\/2023\/06\/plan2.png 1707w\" sizes=\"(max-width: 580px) 100vw, 580px\" \/>\t\t\t\t\t\t\t\t\t\t\t\t\t\t\t<\/div>\n\t\t\t\t<\/div>\n\t\t\t\t\t<\/div>\n\t\t<\/div>\n\t\t\t\t\t<\/div>\n\t\t<\/section>\n\t\t\t\t<section class=\"elementor-section elementor-top-section elementor-element elementor-element-780536c elementor-section-full_width elementor-section-height-default elementor-section-height-default\" data-id=\"780536c\" data-element_type=\"section\" data-e-type=\"section\">\n\t\t\t\t\t\t<div class=\"elementor-container elementor-column-gap-default\">\n\t\t\t\t\t<div class=\"elementor-column elementor-col-33 elementor-top-column elementor-element elementor-element-fbec404\" data-id=\"fbec404\" data-element_type=\"column\" data-e-type=\"column\">\n\t\t\t<div class=\"elementor-widget-wrap\">\n\t\t\t\t\t\t\t<\/div>\n\t\t<\/div>\n\t\t\t\t<div class=\"elementor-column elementor-col-33 elementor-top-column elementor-element elementor-element-92dfa02\" data-id=\"92dfa02\" data-element_type=\"column\" data-e-type=\"column\">\n\t\t\t<div class=\"elementor-widget-wrap elementor-element-populated\">\n\t\t\t\t\t\t<div class=\"elementor-element elementor-element-5daff0b elementor-widget elementor-widget-image\" data-id=\"5daff0b\" data-element_type=\"widget\" data-e-type=\"widget\" data-widget_type=\"image.default\">\n\t\t\t\t<div class=\"elementor-widget-container\">\n\t\t\t\t\t\t\t\t\t\t\t\t\t\t\t<img decoding=\"async\" width=\"580\" height=\"387\" src=\"https:\/\/boviprocess.fr\/wp-content\/uploads\/2023\/06\/sur-le-terrain-1024x684.png\" class=\"attachment-large size-large wp-image-1983\" alt=\"\" srcset=\"https:\/\/boviprocess.fr\/wp-content\/uploads\/2023\/06\/sur-le-terrain-1024x684.png 1024w, https:\/\/boviprocess.fr\/wp-content\/uploads\/2023\/06\/sur-le-terrain-300x200.png 300w, https:\/\/boviprocess.fr\/wp-content\/uploads\/2023\/06\/sur-le-terrain-768x513.png 768w, https:\/\/boviprocess.fr\/wp-content\/uploads\/2023\/06\/sur-le-terrain-1200x802.png 1200w, https:\/\/boviprocess.fr\/wp-content\/uploads\/2023\/06\/sur-le-terrain.png 1444w\" sizes=\"(max-width: 580px) 100vw, 580px\" \/>\t\t\t\t\t\t\t\t\t\t\t\t\t\t\t<\/div>\n\t\t\t\t<\/div>\n\t\t\t\t\t<\/div>\n\t\t<\/div>\n\t\t\t\t<div class=\"elementor-column elementor-col-33 elementor-top-column elementor-element elementor-element-83fcecd\" data-id=\"83fcecd\" data-element_type=\"column\" data-e-type=\"column\">\n\t\t\t<div class=\"elementor-widget-wrap elementor-element-populated\">\n\t\t\t\t\t\t<div class=\"elementor-element elementor-element-b2061bb elementor-widget elementor-widget-heading\" data-id=\"b2061bb\" data-element_type=\"widget\" data-e-type=\"widget\" data-widget_type=\"heading.default\">\n\t\t\t\t<div class=\"elementor-widget-container\">\n\t\t\t\t\t<h2 class=\"elementor-heading-title elementor-size-default\">Une expertise de terrain<\/h2>\t\t\t\t<\/div>\n\t\t\t\t<\/div>\n\t\t\t\t<div class=\"elementor-element elementor-element-d28b68c elementor-widget elementor-widget-text-editor\" data-id=\"d28b68c\" data-element_type=\"widget\" data-e-type=\"widget\" data-widget_type=\"text-editor.default\">\n\t\t\t\t<div class=\"elementor-widget-container\">\n\t\t\t\t\t\t\t\t\t<p>L&rsquo;\u00e9tude commence par une visite de site lors de laquelle nous collecterons les donn\u00e9es fonctionnelles et dimensionnelles qui nous permettront d&rsquo;\u00e9tablir une synth\u00e8se technique.<\/p>\t\t\t\t\t\t\t\t<\/div>\n\t\t\t\t<\/div>\n\t\t\t\t\t<\/div>\n\t\t<\/div>\n\t\t\t\t\t<\/div>\n\t\t<\/section>\n\t\t\t\t<section class=\"elementor-section elementor-top-section elementor-element elementor-element-4cafb70 elementor-section-full_width elementor-reverse-mobile elementor-section-height-default elementor-section-height-default\" data-id=\"4cafb70\" data-element_type=\"section\" data-e-type=\"section\">\n\t\t\t\t\t\t<div class=\"elementor-container elementor-column-gap-default\">\n\t\t\t\t\t<div class=\"elementor-column elementor-col-33 elementor-top-column elementor-element elementor-element-20f6929\" data-id=\"20f6929\" data-element_type=\"column\" data-e-type=\"column\">\n\t\t\t<div class=\"elementor-widget-wrap\">\n\t\t\t\t\t\t\t<\/div>\n\t\t<\/div>\n\t\t\t\t<div class=\"elementor-column elementor-col-33 elementor-top-column elementor-element elementor-element-5858a7f\" data-id=\"5858a7f\" data-element_type=\"column\" data-e-type=\"column\">\n\t\t\t<div class=\"elementor-widget-wrap elementor-element-populated\">\n\t\t\t\t\t\t<div class=\"elementor-element elementor-element-6f9b52c elementor-widget elementor-widget-heading\" data-id=\"6f9b52c\" data-element_type=\"widget\" data-e-type=\"widget\" data-widget_type=\"heading.default\">\n\t\t\t\t<div class=\"elementor-widget-container\">\n\t\t\t\t\t<h2 class=\"elementor-heading-title elementor-size-default\">Un accompagnement suivi<\/h2>\t\t\t\t<\/div>\n\t\t\t\t<\/div>\n\t\t\t\t<div class=\"elementor-element elementor-element-1dcdf8d elementor-widget elementor-widget-text-editor\" data-id=\"1dcdf8d\" data-element_type=\"widget\" data-e-type=\"widget\" data-widget_type=\"text-editor.default\">\n\t\t\t\t<div class=\"elementor-widget-container\">\n\t\t\t\t\t\t\t\t\t<p>Continuez \u00e0 profiter de notre large connaissance des gammes d&rsquo;\u00e9quipement tout au long de votre projet.<\/p><p>En compl\u00e9ment de la formule \u00e9tude, nous proposons \u00e9galement une assistance pour la consultation des entreprises et la validation technique des travaux r\u00e9alis\u00e9s\u00a0<\/p>\t\t\t\t\t\t\t\t<\/div>\n\t\t\t\t<\/div>\n\t\t\t\t\t<\/div>\n\t\t<\/div>\n\t\t\t\t<div class=\"elementor-column elementor-col-33 elementor-top-column elementor-element elementor-element-687c91d\" data-id=\"687c91d\" data-element_type=\"column\" data-e-type=\"column\">\n\t\t\t<div class=\"elementor-widget-wrap elementor-element-populated\">\n\t\t\t\t\t\t<div class=\"elementor-element elementor-element-bf4ec68 elementor-widget elementor-widget-image\" data-id=\"bf4ec68\" data-element_type=\"widget\" data-e-type=\"widget\" data-widget_type=\"image.default\">\n\t\t\t\t<div class=\"elementor-widget-container\">\n\t\t\t\t\t\t\t\t\t\t\t\t\t\t\t<img decoding=\"async\" width=\"580\" height=\"386\" src=\"https:\/\/boviprocess.fr\/wp-content\/uploads\/2023\/06\/accord-1024x681.png\" class=\"attachment-large size-large wp-image-1965\" alt=\"\" srcset=\"https:\/\/boviprocess.fr\/wp-content\/uploads\/2023\/06\/accord-1024x681.png 1024w, https:\/\/boviprocess.fr\/wp-content\/uploads\/2023\/06\/accord-300x200.png 300w, https:\/\/boviprocess.fr\/wp-content\/uploads\/2023\/06\/accord-768x511.png 768w, https:\/\/boviprocess.fr\/wp-content\/uploads\/2023\/06\/accord-1536x1022.png 1536w, https:\/\/boviprocess.fr\/wp-content\/uploads\/2023\/06\/accord-1200x798.png 1200w, https:\/\/boviprocess.fr\/wp-content\/uploads\/2023\/06\/accord.png 1541w\" sizes=\"(max-width: 580px) 100vw, 580px\" \/>\t\t\t\t\t\t\t\t\t\t\t\t\t\t\t<\/div>\n\t\t\t\t<\/div>\n\t\t\t\t\t<\/div>\n\t\t<\/div>\n\t\t\t\t\t<\/div>\n\t\t<\/section>\n\t\t\t\t<section class=\"elementor-section elementor-top-section elementor-element elementor-element-337aa7a elementor-section-full_width elementor-section-height-default elementor-section-height-default\" data-id=\"337aa7a\" data-element_type=\"section\" data-e-type=\"section\">\n\t\t\t\t\t\t<div class=\"elementor-container elementor-column-gap-default\">\n\t\t\t\t\t<div class=\"elementor-column elementor-col-33 elementor-top-column elementor-element elementor-element-83b02c5\" data-id=\"83b02c5\" data-element_type=\"column\" data-e-type=\"column\">\n\t\t\t<div class=\"elementor-widget-wrap\">\n\t\t\t\t\t\t\t<\/div>\n\t\t<\/div>\n\t\t\t\t<div class=\"elementor-column elementor-col-66 elementor-top-column elementor-element elementor-element-2a7fbca\" data-id=\"2a7fbca\" data-element_type=\"column\" data-e-type=\"column\">\n\t\t\t<div class=\"elementor-widget-wrap elementor-element-populated\">\n\t\t\t\t\t\t<div class=\"elementor-element elementor-element-b38cd37 elementor-align-left elementor-widget elementor-widget-button\" data-id=\"b38cd37\" data-element_type=\"widget\" data-e-type=\"widget\" data-widget_type=\"button.default\">\n\t\t\t\t<div class=\"elementor-widget-container\">\n\t\t\t\t\t\t\t\t\t<div class=\"elementor-button-wrapper\">\n\t\t\t\t\t<a class=\"elementor-button elementor-button-link elementor-size-sm\" href=\"https:\/\/boviprocess.fr\/index.php\/etude-de-projet-pdf\/\" target=\"_blank\">\n\t\t\t\t\t\t<span class=\"elementor-button-content-wrapper\">\n\t\t\t\t\t\t<span class=\"elementor-button-icon\">\n\t\t\t\t<i aria-hidden=\"true\" class=\"fas fa-file-download\"><\/i>\t\t\t<\/span>\n\t\t\t\t\t\t\t\t\t<span class=\"elementor-button-text\">T\u00c9L\u00c9CHARGER LA BROCHURE<\/span>\n\t\t\t\t\t<\/span>\n\t\t\t\t\t<\/a>\n\t\t\t\t<\/div>\n\t\t\t\t\t\t\t\t<\/div>\n\t\t\t\t<\/div>\n\t\t\t\t\t<\/div>\n\t\t<\/div>\n\t\t\t\t\t<\/div>\n\t\t<\/section>\n\t\t\t\t<section class=\"elementor-section elementor-top-section elementor-element elementor-element-0900a3c elementor-section-boxed elementor-section-height-default elementor-section-height-default\" data-id=\"0900a3c\" data-element_type=\"section\" data-e-type=\"section\">\n\t\t\t\t\t\t<div class=\"elementor-container elementor-column-gap-default\">\n\t\t\t\t\t<div class=\"elementor-column elementor-col-100 elementor-top-column elementor-element elementor-element-4a9eff0\" data-id=\"4a9eff0\" data-element_type=\"column\" data-e-type=\"column\">\n\t\t\t<div class=\"elementor-widget-wrap elementor-element-populated\">\n\t\t\t\t\t\t<div class=\"elementor-element elementor-element-9bdd247 elementor-widget elementor-widget-spacer\" data-id=\"9bdd247\" data-element_type=\"widget\" data-e-type=\"widget\" data-widget_type=\"spacer.default\">\n\t\t\t\t<div class=\"elementor-widget-container\">\n\t\t\t\t\t\t\t<div class=\"elementor-spacer\">\n\t\t\t<div class=\"elementor-spacer-inner\"><\/div>\n\t\t<\/div>\n\t\t\t\t\t\t<\/div>\n\t\t\t\t<\/div>\n\t\t\t\t\t<\/div>\n\t\t<\/div>\n\t\t\t\t\t<\/div>\n\t\t<\/section>\n\t\t\t\t<\/div>\n\t\t","protected":false},"excerpt":{"rendered":"<p>NOS PRESTATIONS \u00c9TUDE DE PROJET Mesurer pour projeter Optez pour notre forfait \u00e9tude de projet pour b\u00e9n\u00e9ficier d&rsquo;un accompagnement dans les premi\u00e8res \u00e9tapes de la construction de votre projet de centre d&rsquo;allotement. Une expertise de terrain L&rsquo;\u00e9tude commence par une visite de site lors de laquelle nous collecterons les donn\u00e9es fonctionnelles et dimensionnelles qui nous [&hellip;]<\/p>\n","protected":false},"author":1,"featured_media":0,"parent":0,"menu_order":0,"comment_status":"closed","ping_status":"closed","template":"","meta":{"footnotes":""},"class_list":["post-1501","page","type-page","status-publish","hentry"],"yoast_head":"<!-- This site is optimized with the Yoast SEO plugin v27.6 - https:\/\/yoast.com\/product\/yoast-seo-wordpress\/ -->\n<title>\u00c9TUDE DE PROJET - B\u00e9tail Process<\/title>\n<meta name=\"description\" content=\"Vous envisagez de cr\u00e9er un centre d\u2019allotement ? B\u00e9tail Process vous accompagne dans les \u00e9tapes de votre projet.\" \/>\n<meta name=\"robots\" content=\"index, follow, max-snippet:-1, max-image-preview:large, max-video-preview:-1\" \/>\n<link rel=\"canonical\" href=\"https:\/\/boviprocess.fr\/index.php\/etude-de-projet\/\" \/>\n<meta property=\"og:locale\" content=\"fr_FR\" \/>\n<meta property=\"og:type\" content=\"article\" \/>\n<meta property=\"og:title\" content=\"\u00c9TUDE DE PROJET - B\u00e9tail Process\" \/>\n<meta property=\"og:description\" content=\"Vous envisagez de cr\u00e9er un centre d\u2019allotement ? B\u00e9tail Process vous accompagne dans les \u00e9tapes de votre projet.\" \/>\n<meta property=\"og:url\" content=\"https:\/\/boviprocess.fr\/index.php\/etude-de-projet\/\" \/>\n<meta property=\"og:site_name\" content=\"BETAIL PROCESS Par Herv\u00e9 BAERT\" \/>\n<meta property=\"article:modified_time\" content=\"2023-06-29T10:04:24+00:00\" \/>\n<meta property=\"og:image\" content=\"https:\/\/boviprocess.fr\/wp-content\/uploads\/2023\/06\/plan2-1024x574.png\" \/>\n<meta name=\"twitter:card\" content=\"summary_large_image\" \/>\n<meta name=\"twitter:label1\" content=\"Dur\u00e9e de lecture estim\u00e9e\" \/>\n\t<meta name=\"twitter:data1\" content=\"2 minutes\" \/>\n<script type=\"application\/ld+json\" class=\"yoast-schema-graph\">{\"@context\":\"https:\\\/\\\/schema.org\",\"@graph\":[{\"@type\":\"WebPage\",\"@id\":\"https:\\\/\\\/boviprocess.fr\\\/index.php\\\/etude-de-projet\\\/\",\"url\":\"https:\\\/\\\/boviprocess.fr\\\/index.php\\\/etude-de-projet\\\/\",\"name\":\"\u00c9TUDE DE PROJET - B\u00e9tail Process\",\"isPartOf\":{\"@id\":\"https:\\\/\\\/boviprocess.fr\\\/#website\"},\"primaryImageOfPage\":{\"@id\":\"https:\\\/\\\/boviprocess.fr\\\/index.php\\\/etude-de-projet\\\/#primaryimage\"},\"image\":{\"@id\":\"https:\\\/\\\/boviprocess.fr\\\/index.php\\\/etude-de-projet\\\/#primaryimage\"},\"thumbnailUrl\":\"https:\\\/\\\/boviprocess.fr\\\/wp-content\\\/uploads\\\/2023\\\/06\\\/plan2-1024x574.png\",\"datePublished\":\"2023-06-06T20:57:06+00:00\",\"dateModified\":\"2023-06-29T10:04:24+00:00\",\"description\":\"Vous envisagez de cr\u00e9er un centre d\u2019allotement ? B\u00e9tail Process vous accompagne dans les \u00e9tapes de votre projet.\",\"breadcrumb\":{\"@id\":\"https:\\\/\\\/boviprocess.fr\\\/index.php\\\/etude-de-projet\\\/#breadcrumb\"},\"inLanguage\":\"fr-FR\",\"potentialAction\":[{\"@type\":\"ReadAction\",\"target\":[\"https:\\\/\\\/boviprocess.fr\\\/index.php\\\/etude-de-projet\\\/\"]}]},{\"@type\":\"ImageObject\",\"inLanguage\":\"fr-FR\",\"@id\":\"https:\\\/\\\/boviprocess.fr\\\/index.php\\\/etude-de-projet\\\/#primaryimage\",\"url\":\"https:\\\/\\\/boviprocess.fr\\\/wp-content\\\/uploads\\\/2023\\\/06\\\/plan2.png\",\"contentUrl\":\"https:\\\/\\\/boviprocess.fr\\\/wp-content\\\/uploads\\\/2023\\\/06\\\/plan2.png\",\"width\":1707,\"height\":957},{\"@type\":\"BreadcrumbList\",\"@id\":\"https:\\\/\\\/boviprocess.fr\\\/index.php\\\/etude-de-projet\\\/#breadcrumb\",\"itemListElement\":[{\"@type\":\"ListItem\",\"position\":1,\"name\":\"Accueil\",\"item\":\"https:\\\/\\\/boviprocess.fr\\\/\"},{\"@type\":\"ListItem\",\"position\":2,\"name\":\"\u00c9TUDE DE PROJET\"}]},{\"@type\":\"WebSite\",\"@id\":\"https:\\\/\\\/boviprocess.fr\\\/#website\",\"url\":\"https:\\\/\\\/boviprocess.fr\\\/\",\"name\":\"BETAIL PROCESS Par Herv\u00e9 BAERT\",\"description\":\"Bureau Analyse Etudes R\u00e9alisations Techniques - CENTRE D&#039;ALLOTEMENT - RASSEMBLEMENT DU  BETAIL\",\"publisher\":{\"@id\":\"https:\\\/\\\/boviprocess.fr\\\/#organization\"},\"potentialAction\":[{\"@type\":\"SearchAction\",\"target\":{\"@type\":\"EntryPoint\",\"urlTemplate\":\"https:\\\/\\\/boviprocess.fr\\\/?s={search_term_string}\"},\"query-input\":{\"@type\":\"PropertyValueSpecification\",\"valueRequired\":true,\"valueName\":\"search_term_string\"}}],\"inLanguage\":\"fr-FR\"},{\"@type\":\"Organization\",\"@id\":\"https:\\\/\\\/boviprocess.fr\\\/#organization\",\"name\":\"BETAIL PROCESS Par Herv\u00e9 BAERT\",\"url\":\"https:\\\/\\\/boviprocess.fr\\\/\",\"logo\":{\"@type\":\"ImageObject\",\"inLanguage\":\"fr-FR\",\"@id\":\"https:\\\/\\\/boviprocess.fr\\\/#\\\/schema\\\/logo\\\/image\\\/\",\"url\":\"https:\\\/\\\/boviprocess.fr\\\/wp-content\\\/uploads\\\/2021\\\/06\\\/cropped-cropped-cropped-logo-BetailProcess.png\",\"contentUrl\":\"https:\\\/\\\/boviprocess.fr\\\/wp-content\\\/uploads\\\/2021\\\/06\\\/cropped-cropped-cropped-logo-BetailProcess.png\",\"width\":1811,\"height\":954,\"caption\":\"BETAIL PROCESS Par Herv\u00e9 BAERT\"},\"image\":{\"@id\":\"https:\\\/\\\/boviprocess.fr\\\/#\\\/schema\\\/logo\\\/image\\\/\"}}]}<\/script>\n<!-- \/ Yoast SEO plugin. -->","yoast_head_json":{"title":"\u00c9TUDE DE PROJET - B\u00e9tail Process","description":"Vous envisagez de cr\u00e9er un centre d\u2019allotement ? B\u00e9tail Process vous accompagne dans les \u00e9tapes de votre projet.","robots":{"index":"index","follow":"follow","max-snippet":"max-snippet:-1","max-image-preview":"max-image-preview:large","max-video-preview":"max-video-preview:-1"},"canonical":"https:\/\/boviprocess.fr\/index.php\/etude-de-projet\/","og_locale":"fr_FR","og_type":"article","og_title":"\u00c9TUDE DE PROJET - B\u00e9tail Process","og_description":"Vous envisagez de cr\u00e9er un centre d\u2019allotement ? B\u00e9tail Process vous accompagne dans les \u00e9tapes de votre projet.","og_url":"https:\/\/boviprocess.fr\/index.php\/etude-de-projet\/","og_site_name":"BETAIL PROCESS Par Herv\u00e9 BAERT","article_modified_time":"2023-06-29T10:04:24+00:00","og_image":[{"url":"https:\/\/boviprocess.fr\/wp-content\/uploads\/2023\/06\/plan2-1024x574.png","type":"","width":"","height":""}],"twitter_card":"summary_large_image","twitter_misc":{"Dur\u00e9e de lecture estim\u00e9e":"2 minutes"},"schema":{"@context":"https:\/\/schema.org","@graph":[{"@type":"WebPage","@id":"https:\/\/boviprocess.fr\/index.php\/etude-de-projet\/","url":"https:\/\/boviprocess.fr\/index.php\/etude-de-projet\/","name":"\u00c9TUDE DE PROJET - B\u00e9tail Process","isPartOf":{"@id":"https:\/\/boviprocess.fr\/#website"},"primaryImageOfPage":{"@id":"https:\/\/boviprocess.fr\/index.php\/etude-de-projet\/#primaryimage"},"image":{"@id":"https:\/\/boviprocess.fr\/index.php\/etude-de-projet\/#primaryimage"},"thumbnailUrl":"https:\/\/boviprocess.fr\/wp-content\/uploads\/2023\/06\/plan2-1024x574.png","datePublished":"2023-06-06T20:57:06+00:00","dateModified":"2023-06-29T10:04:24+00:00","description":"Vous envisagez de cr\u00e9er un centre d\u2019allotement ? B\u00e9tail Process vous accompagne dans les \u00e9tapes de votre projet.","breadcrumb":{"@id":"https:\/\/boviprocess.fr\/index.php\/etude-de-projet\/#breadcrumb"},"inLanguage":"fr-FR","potentialAction":[{"@type":"ReadAction","target":["https:\/\/boviprocess.fr\/index.php\/etude-de-projet\/"]}]},{"@type":"ImageObject","inLanguage":"fr-FR","@id":"https:\/\/boviprocess.fr\/index.php\/etude-de-projet\/#primaryimage","url":"https:\/\/boviprocess.fr\/wp-content\/uploads\/2023\/06\/plan2.png","contentUrl":"https:\/\/boviprocess.fr\/wp-content\/uploads\/2023\/06\/plan2.png","width":1707,"height":957},{"@type":"BreadcrumbList","@id":"https:\/\/boviprocess.fr\/index.php\/etude-de-projet\/#breadcrumb","itemListElement":[{"@type":"ListItem","position":1,"name":"Accueil","item":"https:\/\/boviprocess.fr\/"},{"@type":"ListItem","position":2,"name":"\u00c9TUDE DE PROJET"}]},{"@type":"WebSite","@id":"https:\/\/boviprocess.fr\/#website","url":"https:\/\/boviprocess.fr\/","name":"BETAIL PROCESS Par Herv\u00e9 BAERT","description":"Bureau Analyse Etudes R\u00e9alisations Techniques - CENTRE D&#039;ALLOTEMENT - RASSEMBLEMENT DU  BETAIL","publisher":{"@id":"https:\/\/boviprocess.fr\/#organization"},"potentialAction":[{"@type":"SearchAction","target":{"@type":"EntryPoint","urlTemplate":"https:\/\/boviprocess.fr\/?s={search_term_string}"},"query-input":{"@type":"PropertyValueSpecification","valueRequired":true,"valueName":"search_term_string"}}],"inLanguage":"fr-FR"},{"@type":"Organization","@id":"https:\/\/boviprocess.fr\/#organization","name":"BETAIL PROCESS Par Herv\u00e9 BAERT","url":"https:\/\/boviprocess.fr\/","logo":{"@type":"ImageObject","inLanguage":"fr-FR","@id":"https:\/\/boviprocess.fr\/#\/schema\/logo\/image\/","url":"https:\/\/boviprocess.fr\/wp-content\/uploads\/2021\/06\/cropped-cropped-cropped-logo-BetailProcess.png","contentUrl":"https:\/\/boviprocess.fr\/wp-content\/uploads\/2021\/06\/cropped-cropped-cropped-logo-BetailProcess.png","width":1811,"height":954,"caption":"BETAIL PROCESS Par Herv\u00e9 BAERT"},"image":{"@id":"https:\/\/boviprocess.fr\/#\/schema\/logo\/image\/"}}]}},"_links":{"self":[{"href":"https:\/\/boviprocess.fr\/index.php\/wp-json\/wp\/v2\/pages\/1501","targetHints":{"allow":["GET"]}}],"collection":[{"href":"https:\/\/boviprocess.fr\/index.php\/wp-json\/wp\/v2\/pages"}],"about":[{"href":"https:\/\/boviprocess.fr\/index.php\/wp-json\/wp\/v2\/types\/page"}],"author":[{"embeddable":true,"href":"https:\/\/boviprocess.fr\/index.php\/wp-json\/wp\/v2\/users\/1"}],"replies":[{"embeddable":true,"href":"https:\/\/boviprocess.fr\/index.php\/wp-json\/wp\/v2\/comments?post=1501"}],"version-history":[{"count":64,"href":"https:\/\/boviprocess.fr\/index.php\/wp-json\/wp\/v2\/pages\/1501\/revisions"}],"predecessor-version":[{"id":2826,"href":"https:\/\/boviprocess.fr\/index.php\/wp-json\/wp\/v2\/pages\/1501\/revisions\/2826"}],"wp:attachment":[{"href":"https:\/\/boviprocess.fr\/index.php\/wp-json\/wp\/v2\/media?parent=1501"}],"curies":[{"name":"wp","href":"https:\/\/api.w.org\/{rel}","templated":true}]}}